{"id":5339,"date":"2021-11-23T00:18:00","date_gmt":"2021-11-22T23:18:00","guid":{"rendered":"https:\/\/arthes.ch\/sereina-binggeli\/"},"modified":"2021-11-23T00:21:48","modified_gmt":"2021-11-22T23:21:48","slug":"sereina-binggeli","status":"publish","type":"page","link":"https:\/\/arthes.ch\/fr\/sereina-binggeli\/","title":{"rendered":"Sereina Binggeli"},"content":{"rendered":"\n<div class=\"wp-block-media-text alignwide is-stacked-on-mobile\" style=\"grid-template-columns:27% auto\"><figure class=\"wp-block-media-text__media\"><img loading=\"lazy\" decoding=\"async\" width=\"450\" height=\"613\" src=\"https:\/\/arthes.ch\/wp-content\/uploads\/2021\/09\/SereinaBinggeliInternet.jpg\" alt=\"\" class=\"wp-image-5288 size-full\" srcset=\"https:\/\/arthes.ch\/wp-content\/uploads\/2021\/09\/SereinaBinggeliInternet.jpg 450w, https:\/\/arthes.ch\/wp-content\/uploads\/2021\/09\/SereinaBinggeliInternet-220x300.jpg 220w\" sizes=\"auto, (max-width: 450px) 100vw, 450px\" \/><\/figure><div class=\"wp-block-media-text__content\">\n<p class=\"has-normal-font-size\"><strong>Dipl. Aromath\u00e9rapeute<\/strong><br\/>Bernstrasse 28<br\/>3072 Osstermundigen<br\/><a href=\"mailto:s.binggeli@arthes.ch\">s.binggeli@arthes.ch<\/a><br\/><a href=\"https:\/\/aetherischeoele-anwenden.ch\/\" target=\"_blank\" rel=\"noreferrer noopener\">www.aetherischeoele-anendung.ch<\/a><\/p>\n<\/div><\/div>\n\n<p>Je propose des consultations de parfum pour les personnes et les animaux \u00e0 domicile et je me rends chez vous avec mon \u00e9tui \u00e0 parfum mobile. <br\/><br\/>Mon objectif de conseiller sur les huiles essentielles pour les enfants et les adultes est dans le domaine de l&#8217;apprentissage et pour les personnes souffrant de MA (H) D et plus encore.<br\/><br\/>Pour les animaux, je propose la zoopharmacognosie appliqu\u00e9e pour les animaux domestiques, de ferme et de zoo.<\/p>\n","protected":false},"excerpt":{"rendered":"<p>Dipl. Aromath\u00e9rapeuteBernstrasse 283072 Osstermundigens.binggeli@arthes.chwww.aetherischeoele-anendung.ch Je propose des consultations de parfum pour les personnes et les animaux \u00e0 domicile et je me rends chez vous avec mon \u00e9tui \u00e0 parfum mobile. Mon objectif de conseiller sur les huiles essentielles pour les enfants et les adultes est dans le domaine de l&#8217;apprentissage et pour les personnes souffrant &hellip; <\/p>\n<p class=\"link-more\"><a href=\"https:\/\/arthes.ch\/fr\/sereina-binggeli\/\" class=\"more-link\">Continuer la lecture<span class=\"screen-reader-text\"> de &laquo;&nbsp;Sereina Binggeli&nbsp;&raquo;<\/span><\/a><\/p>\n","protected":false},"author":98,"featured_media":0,"parent":0,"menu_order":0,"comment_status":"closed","ping_status":"closed","template":"","meta":{"footnotes":""},"class_list":["post-5339","page","type-page","status-publish","hentry"],"aioseo_notices":[],"jetpack_sharing_enabled":true,"_links":{"self":[{"href":"https:\/\/arthes.ch\/fr\/wp-json\/wp\/v2\/pages\/5339","targetHints":{"allow":["GET"]}}],"collection":[{"href":"https:\/\/arthes.ch\/fr\/wp-json\/wp\/v2\/pages"}],"about":[{"href":"https:\/\/arthes.ch\/fr\/wp-json\/wp\/v2\/types\/page"}],"author":[{"embeddable":true,"href":"https:\/\/arthes.ch\/fr\/wp-json\/wp\/v2\/users\/98"}],"replies":[{"embeddable":true,"href":"https:\/\/arthes.ch\/fr\/wp-json\/wp\/v2\/comments?post=5339"}],"version-history":[{"count":3,"href":"https:\/\/arthes.ch\/fr\/wp-json\/wp\/v2\/pages\/5339\/revisions"}],"predecessor-version":[{"id":5417,"href":"https:\/\/arthes.ch\/fr\/wp-json\/wp\/v2\/pages\/5339\/revisions\/5417"}],"wp:attachment":[{"href":"https:\/\/arthes.ch\/fr\/wp-json\/wp\/v2\/media?parent=5339"}],"curies":[{"name":"wp","href":"https:\/\/api.w.org\/{rel}","templated":true}]}}