{"id":5341,"date":"2021-11-23T00:18:00","date_gmt":"2021-11-22T23:18:00","guid":{"rendered":"https:\/\/arthes.ch\/hydrolats\/"},"modified":"2021-11-23T00:21:39","modified_gmt":"2021-11-22T23:21:39","slug":"hydrolats","status":"publish","type":"page","link":"https:\/\/arthes.ch\/fr\/hydrolats\/","title":{"rendered":"Hydrolats"},"content":{"rendered":"\n<div class=\"wp-block-image\"><figure class=\"aligncenter size-large\"><img loading=\"lazy\" decoding=\"async\" width=\"1024\" height=\"683\" src=\"https:\/\/arthes.ch\/wp-content\/uploads\/2021\/10\/essential-oils-g542f1dd97_1920-1024x683.jpg\" alt=\"\" class=\"wp-image-5322\" srcset=\"https:\/\/arthes.ch\/wp-content\/uploads\/2021\/10\/essential-oils-g542f1dd97_1920-1024x683.jpg 1024w, https:\/\/arthes.ch\/wp-content\/uploads\/2021\/10\/essential-oils-g542f1dd97_1920-300x200.jpg 300w, https:\/\/arthes.ch\/wp-content\/uploads\/2021\/10\/essential-oils-g542f1dd97_1920-768x512.jpg 768w, https:\/\/arthes.ch\/wp-content\/uploads\/2021\/10\/essential-oils-g542f1dd97_1920-1536x1024.jpg 1536w, https:\/\/arthes.ch\/wp-content\/uploads\/2021\/10\/essential-oils-g542f1dd97_1920.jpg 1920w\" sizes=\"auto, (max-width: 767px) 89vw, (max-width: 1000px) 54vw, (max-width: 1071px) 543px, 580px\" \/><\/figure><\/div>\n\n<p>Quelque chose qui a \u00e9t\u00e9 longtemps oubli\u00e9, n\u00e9glig\u00e9 ou seulement consid\u00e9r\u00e9 comme un d\u00e9chet de la production d&#8217;huiles essentielles, ils ont heureusement repris de l&#8217;importance ces derni\u00e8res ann\u00e9es &#8211; les <em>hydrolats<\/em> , \u00e9galement appel\u00e9s eaux <em>v\u00e9g\u00e9tales<\/em> .<\/p>\n\n<p>Le mode d&#8217;action de l&#8217;eau v\u00e9g\u00e9tale finement parfum\u00e9e se situe entre une pr\u00e9paration sous forme de th\u00e9 et l&#8217;utilisation d&#8217;huiles essentielles. Les hydrolats et les huiles essentielles ont parfois un effet similaire, mais ils ne sont jamais exactement les m\u00eames. Certains hydrolats contiennent des ingr\u00e9dients qui manquent dans l&#8217;huile essentielle de la m\u00eame plante, certains ont des ingr\u00e9dients actifs suppl\u00e9mentaires. Contrairement aux huiles essentielles purement lipophiles (qui aiment les graisses), les eaux v\u00e9g\u00e9tales contiennent de nombreux ingr\u00e9dients solubles dans l&#8217;eau et sont enrichies d&#8217;ingr\u00e9dients actifs sp\u00e9ciaux qui ne se forment que pendant le processus de distillation. Cela les distingue \u00e0 son tour des effets d&#8217;un simple th\u00e9. De plus, de par son mode de fabrication, l&#8217;eau des plantes contient toujours de faibles quantit\u00e9s (0,5 &#8211; 1,5%) d&#8217;huiles essentielles. Ce complexe unique d&#8217;ingr\u00e9dients actifs fait des hydrolats une alternative et un compl\u00e9ment doux pour la peau, doux et pourtant tr\u00e8s efficace aux huiles essentielles.<\/p>\n\n<p>Comme les huiles essentielles, elles ont des mol\u00e9cules suffisamment petites pour p\u00e9n\u00e9trer les couches plus profondes de la peau. L\u00e0, ils peuvent, par exemple, am\u00e9liorer la circulation sanguine ou la r\u00e9g\u00e9n\u00e9ration cellulaire.<\/p>\n\n<p>Nous aimons les utiliser comme tonique pour le visage ou les cheveux, comme parfums l\u00e9gers, pour les soins des b\u00e9b\u00e9s et des seniors, comme parfum d&#8217;ambiance ou comme composant hydrophile (qui aime l&#8217;eau) dans une \u00e9mulsion auto-agitante. Son domaine d&#8217;application comprend des indications telles que : piq\u00fbres d&#8217;insectes, coups de soleil, n\u00e9vrodermites, maladies fongiques de la peau et des organes g\u00e9nitaux, yeux rouges en proie au rhume des foins, maux de gorge, probl\u00e8mes digestifs, naus\u00e9es, maux de t\u00eate et difficult\u00e9s d&#8217;endormissement. Contrairement aux huiles essentielles, elles peuvent \u00e9galement \u00eatre prises en tant que composant aqueux. Nous ajoutons une cuill\u00e8re \u00e0 caf\u00e9 \u00e0 un litre d&#8217;eau ou de th\u00e9 pour aromatiser ou pour obtenir un certain effet. Surtout, les troubles digestifs, les rhumes et le stress r\u00e9pondent tr\u00e8s bien \u00e0 un apport interne d&#8217;hydrolats. Nous ne prenons des hydrolats que pour une p\u00e9riode relativement courte d&#8217;une \u00e0 trois semaines.<\/p>\n\n<div class=\"wp-block-image\"><figure class=\"aligncenter size-medium\"><img loading=\"lazy\" decoding=\"async\" width=\"300\" height=\"225\" src=\"https:\/\/arthes.ch\/wp-content\/uploads\/2021\/10\/copper-g0b34acc4d_1920-300x225.jpg\" alt=\"\" class=\"wp-image-5320\" srcset=\"https:\/\/arthes.ch\/wp-content\/uploads\/2021\/10\/copper-g0b34acc4d_1920-300x225.jpg 300w, https:\/\/arthes.ch\/wp-content\/uploads\/2021\/10\/copper-g0b34acc4d_1920-1024x768.jpg 1024w, https:\/\/arthes.ch\/wp-content\/uploads\/2021\/10\/copper-g0b34acc4d_1920-768x576.jpg 768w, https:\/\/arthes.ch\/wp-content\/uploads\/2021\/10\/copper-g0b34acc4d_1920-1536x1152.jpg 1536w, https:\/\/arthes.ch\/wp-content\/uploads\/2021\/10\/copper-g0b34acc4d_1920.jpg 1920w\" sizes=\"auto, (max-width: 300px) 100vw, 300px\" \/><\/figure><\/div>\n\n<p>Comme de nombreuses huiles essentielles, elles sont produites par distillation. Lors de la distillation \u00e0 la vapeur d&#8217;herbes ou de bois pour obtenir de l&#8217;huile essentielle, une quantit\u00e9 relativement importante d&#8217;hydrolat est automatiquement produite. L&#8217;huile essentielle flotte au-dessus du r\u00e9cipient collecteur et peut \u00eatre \u00e9cum\u00e9e. Il ne reste alors que l&#8217;eau de la plante. Heureusement, il y a quelques ann\u00e9es, on a red\u00e9couvert qu&#8217;il ne s&#8217;agissait pas seulement d&#8217;un d\u00e9chet. Depuis lors, de nombreuses plantes ont \u00e9galement soigneusement mis en bouteille l&#8217;hydrolat.<\/p>\n\n<p>Cela demande encore plus de soins qu&#8217;avec les huiles essentielles. L&#8217;hydrolat peut sembler moins pr\u00e9cieux car il est produit en plus grande quantit\u00e9. Par contre, en raison de sa teneur en eau tr\u00e8s \u00e9lev\u00e9e, il est beaucoup plus sensible aux germes et \u00e0 la contamination par les champignons. Ce n&#8217;est que gr\u00e2ce \u00e0 une m\u00e9thode de travail st\u00e9rile qu&#8217;il est possible d&#8217;\u00e9viter que les tr\u00e9sors parfum\u00e9s soient d\u00e9j\u00e0 contamin\u00e9s lors du remplissage.<\/p>\n\n<p>Certaines entreprises ajoutent de l&#8217;alcool \u00e0 leurs hydrolats pour une meilleure conservation. Cela les aide \u00e0 avoir une dur\u00e9e de vie plus longue. Cependant, les hydrolats perdent beaucoup de leur douceur pour la peau. Les muqueuses et les paupi\u00e8res ne doivent \u00e9galement jamais entrer en contact avec l&#8217;alcool.<\/p>\n\n<p>C&#8217;est pourquoi il est pr\u00e9f\u00e9rable d&#8217;utiliser ici des produits sans conservateur. Il est pr\u00e9f\u00e9rable de les conserver au r\u00e9frig\u00e9rateur. \u00c9quip\u00e9s d&#8217;un accessoire de pulv\u00e9risation, nous maintenons la contamination aussi faible que possible. Il est \u00e9galement tr\u00e8s pratique et facile \u00e0 utiliser. <\/p>\n\n<p>Si un hydrolat devient trouble ou ne sent plus frais, il n&#8217;a plus sa place sur la peau ou dans notre tube digestif. Ensuite, nous pouvons le m\u00e9langer avec l&#8217;eau de la vadrouille ou en remplir le fer \u00e0 vapeur.<\/p>\n\n<p>Certaines entreprises s&#8217;appuient sur leurs propres proc\u00e9d\u00e9s de distillation qui ne cherchent pas \u00e0 extraire l&#8217;huile essentielle. Par exemple, avec l&#8217;hydrolat de rose, 1000 kg de fleurs sont m\u00e9lang\u00e9s \u00e0 1000 kg d&#8217;eau. Apr\u00e8s 7 fois de distillation, nous avons une eau v\u00e9g\u00e9tale merveilleusement parfum\u00e9e et harmonieuse qui peut difficilement \u00eatre surpass\u00e9e en termes de diversit\u00e9 d&#8217;ingr\u00e9dients actifs.<\/p>\n\n<p>De nombreux aromath\u00e9rapeutes ont d\u00e9couvert la distillation de la mati\u00e8re v\u00e9g\u00e9tale de leur propre jardin. Il peut \u00eatre tr\u00e8s satisfaisant de r\u00e9colter et de pr\u00e9parer des herbes, puis d&#8217;attendre patiemment le r\u00e9sultat dans le lent processus de distillation.<\/p>\n\n<p>Tout comme les huiles essentielles, n&#8217;achetez pas vos hydrolats sur un \u00e9tal de march\u00e9, mais aupr\u00e8s d&#8217;une entreprise de confiance. Ce sont souvent les m\u00eames qui proposent \u00e9galement des huiles essentielles de haute qualit\u00e9. <\/p>\n\n<p class=\"has-text-align-center\">La distillation s&#8217;apprend dans les \u00e9tablissements suivants : <\/p>\n\n<div class=\"wp-block-image\"><figure class=\"aligncenter size-medium is-resized\"><a href=\"https:\/\/arthes.ch\/aromatherapie-weiterbildung\/\"><img loading=\"lazy\" decoding=\"async\" src=\"https:\/\/arthes.ch\/wp-content\/uploads\/2021\/09\/Weiss-einfach-Foto-Papa-Anerkennung-Instagram-Post-2-300x300.png\" alt=\"\" class=\"wp-image-5258\" width=\"300\" height=\"300\" srcset=\"https:\/\/arthes.ch\/wp-content\/uploads\/2021\/09\/Weiss-einfach-Foto-Papa-Anerkennung-Instagram-Post-2-300x300.png 300w, https:\/\/arthes.ch\/wp-content\/uploads\/2021\/09\/Weiss-einfach-Foto-Papa-Anerkennung-Instagram-Post-2-1024x1024.png 1024w, https:\/\/arthes.ch\/wp-content\/uploads\/2021\/09\/Weiss-einfach-Foto-Papa-Anerkennung-Instagram-Post-2-150x150.png 150w, https:\/\/arthes.ch\/wp-content\/uploads\/2021\/09\/Weiss-einfach-Foto-Papa-Anerkennung-Instagram-Post-2-768x768.png 768w, https:\/\/arthes.ch\/wp-content\/uploads\/2021\/09\/Weiss-einfach-Foto-Papa-Anerkennung-Instagram-Post-2-100x100.png 100w, https:\/\/arthes.ch\/wp-content\/uploads\/2021\/09\/Weiss-einfach-Foto-Papa-Anerkennung-Instagram-Post-2.png 1080w\" sizes=\"auto, (max-width: 300px) 100vw, 300px\" \/><\/a><\/figure><\/div>\n","protected":false},"excerpt":{"rendered":"<p>Quelque chose qui a \u00e9t\u00e9 longtemps oubli\u00e9, n\u00e9glig\u00e9 ou seulement consid\u00e9r\u00e9 comme un d\u00e9chet de la production d&#8217;huiles essentielles, ils ont heureusement repris de l&#8217;importance ces derni\u00e8res ann\u00e9es &#8211; les hydrolats , \u00e9galement appel\u00e9s eaux v\u00e9g\u00e9tales . Le mode d&#8217;action de l&#8217;eau v\u00e9g\u00e9tale finement parfum\u00e9e se situe entre une pr\u00e9paration sous forme de th\u00e9 et &hellip; <\/p>\n<p class=\"link-more\"><a href=\"https:\/\/arthes.ch\/fr\/hydrolats\/\" class=\"more-link\">Continuer la lecture<span class=\"screen-reader-text\"> de &laquo;&nbsp;Hydrolats&nbsp;&raquo;<\/span><\/a><\/p>\n","protected":false},"author":98,"featured_media":0,"parent":0,"menu_order":0,"comment_status":"closed","ping_status":"closed","template":"","meta":{"footnotes":""},"class_list":["post-5341","page","type-page","status-publish","hentry"],"aioseo_notices":[],"jetpack_sharing_enabled":true,"_links":{"self":[{"href":"https:\/\/arthes.ch\/fr\/wp-json\/wp\/v2\/pages\/5341","targetHints":{"allow":["GET"]}}],"collection":[{"href":"https:\/\/arthes.ch\/fr\/wp-json\/wp\/v2\/pages"}],"about":[{"href":"https:\/\/arthes.ch\/fr\/wp-json\/wp\/v2\/types\/page"}],"author":[{"embeddable":true,"href":"https:\/\/arthes.ch\/fr\/wp-json\/wp\/v2\/users\/98"}],"replies":[{"embeddable":true,"href":"https:\/\/arthes.ch\/fr\/wp-json\/wp\/v2\/comments?post=5341"}],"version-history":[{"count":3,"href":"https:\/\/arthes.ch\/fr\/wp-json\/wp\/v2\/pages\/5341\/revisions"}],"predecessor-version":[{"id":5389,"href":"https:\/\/arthes.ch\/fr\/wp-json\/wp\/v2\/pages\/5341\/revisions\/5389"}],"wp:attachment":[{"href":"https:\/\/arthes.ch\/fr\/wp-json\/wp\/v2\/media?parent=5341"}],"curies":[{"name":"wp","href":"https:\/\/api.w.org\/{rel}","templated":true}]}}