{"id":5343,"date":"2021-11-23T00:18:01","date_gmt":"2021-11-22T23:18:01","guid":{"rendered":"https:\/\/arthes.ch\/aromatherapie-chez-les-animaux-arth-vet\/"},"modified":"2021-11-23T00:21:43","modified_gmt":"2021-11-22T23:21:43","slug":"aromatherapie-chez-les-animaux-arth-vet","status":"publish","type":"page","link":"https:\/\/arthes.ch\/fr\/aromatherapie-chez-les-animaux-arth-vet\/","title":{"rendered":"Aromath\u00e9rapie chez les animaux &#8211; Arth-Vet"},"content":{"rendered":"\n<h1 class=\"has-medium-font-size wp-block-heading\">Utilisez des huiles essentielles sur les chiens, les chevaux et autres grands et petits animaux &#8211; aromath\u00e9rapie animale<\/h1>\n\n<p class=\"has-normal-font-size\">ARTH-VET ( <strong>AR<\/strong> oma <strong>TH<\/strong> erapie &#8211; <strong>VET<\/strong> erin\u00e4r) est un groupe sp\u00e9cialis\u00e9 d&#8217;ARTHES. L&#8217;objectif est de promouvoir l&#8217;utilisation s\u00fbre et efficace des huiles essentielles, des hydrolats et des huiles grasses chez les animaux.<\/p>\n\n<p class=\"has-vivid-green-cyan-background-color has-background\">Devenez membre ARTHES et rejoignez le groupe de sp\u00e9cialistes Arth-Vet. <a href=\"https:\/\/arthes.ch\/wie-werde-ich-mitglied\/\" target=\"_blank\" rel=\"noreferrer noopener\">Vous trouverez ici les types d&#8217;adh\u00e9sion.<\/a><\/p>\n\n<figure class=\"wp-block-image size-full\"><img loading=\"lazy\" decoding=\"async\" width=\"1000\" height=\"507\" src=\"https:\/\/arthes.ch\/wp-content\/uploads\/2021\/10\/Bildschirmfoto-2021-10-27-um-09.32.35.png\" alt=\"\" class=\"wp-image-5316\" srcset=\"https:\/\/arthes.ch\/wp-content\/uploads\/2021\/10\/Bildschirmfoto-2021-10-27-um-09.32.35.png 1000w, https:\/\/arthes.ch\/wp-content\/uploads\/2021\/10\/Bildschirmfoto-2021-10-27-um-09.32.35-300x152.png 300w, https:\/\/arthes.ch\/wp-content\/uploads\/2021\/10\/Bildschirmfoto-2021-10-27-um-09.32.35-768x389.png 768w\" sizes=\"auto, (max-width: 767px) 89vw, (max-width: 1000px) 54vw, (max-width: 1071px) 543px, 580px\" \/><figcaption>Linda Fl\u00fcckiger au travail.<\/figcaption><\/figure>\n<h2 class=\"has-medium-font-size wp-block-heading\" id=\"Dufttest--Anleitung\">R\u00e9aliser un test olfactif sur l&#8217;animal &#8211; la premi\u00e8re \u00e9tape<\/h2>\n\n<p class=\"has-normal-font-size\">Vous ne devez pas choisir plus de 3 \u00e0 4 parfums par test de parfum. Cela d\u00e9pend aussi de l&#8217;animal, mais il vaut mieux l&#8217;\u00e9taler sur plusieurs jours si possible. Une pi\u00e8ce bien ventil\u00e9e pendant le test permet \u00e9galement \u00e0 l&#8217;animal de toujours se concentrer plus facilement sur l&#8217;odeur actuelle.<\/p>\n\n<p class=\"has-normal-font-size\">Les huiles essentielles, les hydrolats mais aussi les huiles grasses peuvent \u00eatre test\u00e9s avec. Les mesures suivantes sont utilis\u00e9es :<\/p>\n\n<ol type=\"1\" class=\"has-normal-font-size wp-block-list\"><li>Mettez une petite quantit\u00e9 d&#8217;huile ou d&#8217;hydrolat sur un petit morceau de papier absorbant ou utilisez une bande parfum\u00e9e.<\/li><li>Ensuite, vous vous approchez lentement du nez de l&#8217;animal, il est pr\u00e9f\u00e9rable que l&#8217;animal s&#8217;approche activement de l&#8217;odeur. Alors s&#8217;il vous pla\u00eet, ne vous contentez pas d&#8217;appuyer sur votre nez.<\/li><li>L&#8217;animal doit toujours avoir suffisamment d&#8217;espace autour de lui pour qu&#8217;il puisse s&#8217;\u00e9loigner de l&#8217;odeur s&#8217;il la trouve d\u00e9sagr\u00e9able.<\/li><li>Il faut maintenant observer la r\u00e9action de l&#8217;animal :<\/li><\/ol>\n<p class=\"has-normal-font-size\"><strong>Oui :<\/strong> L&#8217;animal s&#8217;occupe beaucoup de l&#8217;odeur, est tr\u00e8s int\u00e9ress\u00e9, mordille ou l\u00e8che l&#8217;odeur. Il revient \u00e9galement au parfum s&#8217;il a \u00e9t\u00e9 distrait.<\/p>\n\n<p class=\"has-normal-font-size\"><strong>Non :<\/strong> L&#8217;animal recule, d\u00e9tourne la t\u00eate, ne veut pas rester avec l&#8217;odeur, ne revient pas \u00e0 l&#8217;odeur lorsqu&#8217;il est distrait.<\/p>\n\n<ul class=\"has-normal-font-size wp-block-list\"><li>Comme alternative \u00e0 la bande parfum\u00e9e, le couvercle de l&#8217;huile ou m\u00eame le flacon ferm\u00e9 peuvent \u00eatre tendus. Vous pouvez \u00e9galement poser les bouteilles ferm\u00e9es sur le sol et laisser l&#8217;animal les sentir si vous souhaitez en faire une s\u00e9lection parmi plusieurs (l&#8217;animal parcourt alors activement les sources olfactives et recherche son odeur).<\/li><li>Si vous ne savez pas si oui ou non, ajoutez 1 goutte d&#8217;huile essentielle \u00e0 environ 5 ml d&#8217;huile neutre (amande, tournesol) et offrez-la \u00e0 nouveau. Peut-\u00eatre que le parfum pur est tout simplement trop fort et que la plante choisie conviendrait toujours.<\/li><\/ul>\n<p class=\"has-normal-font-size\"><a href=\"https:\/\/youtu.be\/aybLCal5gCo\">Voici un exemple de test olfactif<\/a> <a href=\"https:\/\/youtu.be\/aybLCal5gCo\" target=\"_blank\" rel=\"noreferrer noopener\">sur un cheval<\/a> et <a href=\"https:\/\/www.youtube.com\/watch?v=szUC8ZyB6Sc\" target=\"_blank\" rel=\"noreferrer noopener\">un chien<\/a> .<\/p>\n\n<h2 class=\"has-medium-font-size wp-block-heading\">Livres et blogs li\u00e9s \u00e0 l&#8217;aromath\u00e9rapie pour animaux de compagnie<\/h2>\n\n<p class=\"has-normal-font-size\">Il existe un <a href=\"https:\/\/www.facebook.com\/groups\/330181544360098\" target=\"_blank\" rel=\"noreferrer noopener\">groupe Facebook tr\u00e8s recommandable sur l&#8217;aromath\u00e9rapie animale<\/a> sous la direction de Sabine M\u00f6bius, Sandra Ananda et Corina Schleiss. Il y a aussi toutes sortes de choses \u00e0 explorer dans les fichiers.<\/p>\n\n<p class=\"has-normal-font-size\">Le blog de <a href=\"https:\/\/www.tierische-heilkunde.de\/blog\" target=\"_blank\" rel=\"noreferrer noopener\">Sabine M\u00f6bius<\/a> et <a href=\"http:\/\/aetherischeoele-anwenden.ch\/\" target=\"_blank\" rel=\"noreferrer noopener\">Sereina Binggeli m\u00e9rite<\/a> d&#8217;\u00eatre mentionn\u00e9.<\/p>\n\n<p class=\"has-normal-font-size\">Aroma-Forum International a d\u00e9di\u00e9 Aromareport 22 \u00ab\u00a0Soins aromatiques et aromath\u00e9rapie pour les animaux\u00a0\u00bb \u00e0 ce sujet. Le journal professionnel peut \u00eatre command\u00e9 <a href=\"https:\/\/aroma-forum-international.de\/aromareport\/\" target=\"_blank\" rel=\"noreferrer noopener\">ici<\/a> directement ou chez nous.<br\/>Les membres ARTHES ont la possibilit\u00e9 de recevoir le rapport d&#8217;ar\u00f4me aux conditions d&#8217;adh\u00e9sion. Nous serions heureux de vous en commander un exemplaire lors de votre prochaine commande group\u00e9e. Inscrivez-vous \u00e0 info@arthes.ch.<\/p>\n\n<h3 class=\"has-normal-font-size wp-block-heading\"><em>livres en allemand<\/em><\/h3>\n\n<p class=\"has-normal-font-size\">Huiles essentielles pour animaux, Nayana Morag<br\/>Aromath\u00e9rapie pour chevaux, Sylvia Preuss-Giesen<br\/>Aromath\u00e9rapie pour chiens, Kerstin Ruhsam<\/p>\n\n<p class=\"has-normal-font-size\"><em>livres en anglais<\/em><\/p>\n\n<p class=\"has-normal-font-size\">Autom\u00e9dication animale, Ingraham Caroline<br\/>Aidez votre chien \u00e0 se soigner, Ingraham Caroline<\/p>\n\n<h2 class=\"has-medium-font-size wp-block-heading\">Votre exp\u00e9rience et votre opinion sont importantes<\/h2>\n\n<p class=\"has-normal-font-size\">Comment utilisez-vous les huiles essentielles sur votre animal ? O\u00f9 voyez-vous encore du potentiel ? Quel type de formation et de perfectionnement souhaiteriez-vous suivre\u00a0?<\/p>\n\n<p class=\"has-normal-font-size\">Nous sommes heureux d&#8217;entendre vos opinions, points de vue et questions : <a rel=\"noreferrer noopener\" href=\"mailto:info@arthes.ch\" target=\"_blank\">info@arthes.ch<\/a><\/p>\n\n<figure class=\"wp-block-image size-full\"><img loading=\"lazy\" decoding=\"async\" width=\"1000\" height=\"343\" src=\"https:\/\/arthes.ch\/wp-content\/uploads\/2021\/10\/Bildschirmfoto-2021-10-27-um-09.40.20.png\" alt=\"\" class=\"wp-image-5318\" srcset=\"https:\/\/arthes.ch\/wp-content\/uploads\/2021\/10\/Bildschirmfoto-2021-10-27-um-09.40.20.png 1000w, https:\/\/arthes.ch\/wp-content\/uploads\/2021\/10\/Bildschirmfoto-2021-10-27-um-09.40.20-300x103.png 300w, https:\/\/arthes.ch\/wp-content\/uploads\/2021\/10\/Bildschirmfoto-2021-10-27-um-09.40.20-768x263.png 768w\" sizes=\"auto, (max-width: 767px) 89vw, (max-width: 1000px) 54vw, (max-width: 1071px) 543px, 580px\" \/><\/figure>","protected":false},"excerpt":{"rendered":"<p>Utilisez des huiles essentielles sur les chiens, les chevaux et autres grands et petits animaux &#8211; aromath\u00e9rapie animale ARTH-VET ( AR oma TH erapie &#8211; VET erin\u00e4r) est un groupe sp\u00e9cialis\u00e9 d&#8217;ARTHES. L&#8217;objectif est de promouvoir l&#8217;utilisation s\u00fbre et efficace des huiles essentielles, des hydrolats et des huiles grasses chez les animaux. Devenez membre ARTHES &hellip; <\/p>\n<p class=\"link-more\"><a href=\"https:\/\/arthes.ch\/fr\/aromatherapie-chez-les-animaux-arth-vet\/\" class=\"more-link\">Continuer la lecture<span class=\"screen-reader-text\"> de &laquo;&nbsp;Aromath\u00e9rapie chez les animaux &#8211; Arth-Vet&nbsp;&raquo;<\/span><\/a><\/p>\n","protected":false},"author":5,"featured_media":0,"parent":0,"menu_order":0,"comment_status":"closed","ping_status":"closed","template":"","meta":{"footnotes":""},"class_list":["post-5343","page","type-page","status-publish","hentry"],"aioseo_notices":[],"jetpack_sharing_enabled":true,"_links":{"self":[{"href":"https:\/\/arthes.ch\/fr\/wp-json\/wp\/v2\/pages\/5343","targetHints":{"allow":["GET"]}}],"collection":[{"href":"https:\/\/arthes.ch\/fr\/wp-json\/wp\/v2\/pages"}],"about":[{"href":"https:\/\/arthes.ch\/fr\/wp-json\/wp\/v2\/types\/page"}],"author":[{"embeddable":true,"href":"https:\/\/arthes.ch\/fr\/wp-json\/wp\/v2\/users\/5"}],"replies":[{"embeddable":true,"href":"https:\/\/arthes.ch\/fr\/wp-json\/wp\/v2\/comments?post=5343"}],"version-history":[{"count":3,"href":"https:\/\/arthes.ch\/fr\/wp-json\/wp\/v2\/pages\/5343\/revisions"}],"predecessor-version":[{"id":5409,"href":"https:\/\/arthes.ch\/fr\/wp-json\/wp\/v2\/pages\/5343\/revisions\/5409"}],"wp:attachment":[{"href":"https:\/\/arthes.ch\/fr\/wp-json\/wp\/v2\/media?parent=5343"}],"curies":[{"name":"wp","href":"https:\/\/api.w.org\/{rel}","templated":true}]}}