{"id":5345,"date":"2021-11-23T00:18:03","date_gmt":"2021-11-22T23:18:03","guid":{"rendered":"https:\/\/arthes.ch\/webinaire-sur-le-toit-aroma-21-22\/"},"modified":"2021-11-23T00:21:48","modified_gmt":"2021-11-22T23:21:48","slug":"webinaire-sur-le-toit-aroma-21-22","status":"publish","type":"page","link":"https:\/\/arthes.ch\/fr\/webinaire-sur-le-toit-aroma-21-22\/","title":{"rendered":"Webinaire sur le toit AROMA 21\/22"},"content":{"rendered":"\n<figure class=\"wp-block-image size-large is-resized\"><img loading=\"lazy\" decoding=\"async\" src=\"https:\/\/arthes.ch\/wp-content\/uploads\/2021\/09\/Webinar-1024x576.jpg\" alt=\"\" class=\"wp-image-5232\" width=\"785\" height=\"441\" srcset=\"https:\/\/arthes.ch\/wp-content\/uploads\/2021\/09\/Webinar-1024x576.jpg 1024w, https:\/\/arthes.ch\/wp-content\/uploads\/2021\/09\/Webinar-300x169.jpg 300w, https:\/\/arthes.ch\/wp-content\/uploads\/2021\/09\/Webinar-768x432.jpg 768w, https:\/\/arthes.ch\/wp-content\/uploads\/2021\/09\/Webinar-1536x864.jpg 1536w, https:\/\/arthes.ch\/wp-content\/uploads\/2021\/09\/Webinar.jpg 1920w\" sizes=\"auto, (max-width: 767px) 89vw, (max-width: 1000px) 54vw, (max-width: 1071px) 543px, 580px\" \/><\/figure>\n<p>Les associations Aroma Forum, Arthes et VAGA ne sont pas seulement des partenaires de coop\u00e9ration, mais se sont associ\u00e9es pour cette s\u00e9rie de webinaires afin de pouvoir vous proposer du networking transfrontalier et des formations avanc\u00e9es. Les tarifs sont les m\u00eames pour tous les membres de ces associations. Seuls les membres du club peuvent participer.<br\/><\/p>\n\n<h1 class=\"has-medium-font-size wp-block-heading\"><strong>Programme webinaire Aroma-Dach 21\/22<\/strong><\/h1>\n\n<p> Vous pouvez cliquer directement dans le programme sur le s\u00e9minaire qui vous int\u00e9resse et vous acc\u00e9derez directement \u00e0 la page d&#8217;inscription \/ contact email concern\u00e9. <\/p>\n\n<div class=\"wp-block-file\"><a href=\"https:\/\/arthes.ch\/wp-content\/uploads\/2021\/10\/AromaDACH_WebinarProgramm_Word_mit-Verlinkung-alle.pdf\">AromaDACH_WebinarProgramm_Word_mit-Verlinkung-alle<\/a><a href=\"https:\/\/arthes.ch\/wp-content\/uploads\/2021\/10\/AromaDACH_WebinarProgramm_Word_mit-Verlinkung-alle.pdf\" class=\"wp-block-file__button\" download=\"\">T\u00e9l\u00e9charger<\/a><\/div>\n\n<hr class=\"wp-block-separator\" \/>\n\n<h1 class=\"has-medium-font-size wp-block-heading\"><strong>Webinaire avec Andrea Grieder-Wunderlin (ARTHES)<\/strong><\/h1>\n\n<div class=\"wp-block-image\"><figure class=\"aligncenter size-medium\"><img loading=\"lazy\" decoding=\"async\" width=\"300\" height=\"200\" src=\"https:\/\/arthes.ch\/wp-content\/uploads\/2021\/09\/Andrea_Grieder-300x200.jpg\" alt=\"\" class=\"wp-image-5268\" srcset=\"https:\/\/arthes.ch\/wp-content\/uploads\/2021\/09\/Andrea_Grieder-300x200.jpg 300w, https:\/\/arthes.ch\/wp-content\/uploads\/2021\/09\/Andrea_Grieder-768x512.jpg 768w, https:\/\/arthes.ch\/wp-content\/uploads\/2021\/09\/Andrea_Grieder.jpg 824w\" sizes=\"auto, (max-width: 300px) 100vw, 300px\" \/><\/figure><\/div>\n\n<p>Vous trouverez ici plus de d\u00e9tails sur notre membre Andrea Grieder-Wunderlin, qui nous donne un aper\u00e7u de l&#8217;aromath\u00e9rapie utilis\u00e9e chez les nourrissons et les tout-petits souffrant de maladies quotidiennes.<br\/><a href=\"https:\/\/www.andrea-grieder.ch\/\" target=\"_blank\" rel=\"noreferrer noopener\" title=\"https:\/\/www.andrea-grieder.ch\/\">https:\/\/www.andrea-grieder.ch<\/a><br\/><a href=\"https:\/\/www.chrueterhuesli.ch\/\">https:\/\/www.chrueterhuesli.ch<\/a><\/p>\n\n<div class=\"wp-block-file\"><a href=\"https:\/\/arthes.ch\/wp-content\/uploads\/2021\/08\/Aroma-Dach-Webinar-Andrea-Grieder-Wunderlin.pdf\">Webinaire sur le toit aromatique Andrea-Grieder-Wunderlin<\/a><a href=\"https:\/\/arthes.ch\/wp-content\/uploads\/2021\/08\/Aroma-Dach-Webinar-Andrea-Grieder-Wunderlin.pdf\" class=\"wp-block-file__button\" download=\"\">T\u00e9l\u00e9charger<\/a><\/div>\n","protected":false},"excerpt":{"rendered":"<p>Les associations Aroma Forum, Arthes et VAGA ne sont pas seulement des partenaires de coop\u00e9ration, mais se sont associ\u00e9es pour cette s\u00e9rie de webinaires afin de pouvoir vous proposer du networking transfrontalier et des formations avanc\u00e9es. Les tarifs sont les m\u00eames pour tous les membres de ces associations. Seuls les membres du club peuvent participer. &hellip; <\/p>\n<p class=\"link-more\"><a href=\"https:\/\/arthes.ch\/fr\/webinaire-sur-le-toit-aroma-21-22\/\" class=\"more-link\">Continuer la lecture<span class=\"screen-reader-text\"> de &laquo;&nbsp;Webinaire sur le toit AROMA 21\/22&nbsp;&raquo;<\/span><\/a><\/p>\n","protected":false},"author":98,"featured_media":0,"parent":0,"menu_order":0,"comment_status":"closed","ping_status":"closed","template":"","meta":{"footnotes":""},"class_list":["post-5345","page","type-page","status-publish","hentry"],"aioseo_notices":[],"jetpack_sharing_enabled":true,"_links":{"self":[{"href":"https:\/\/arthes.ch\/fr\/wp-json\/wp\/v2\/pages\/5345","targetHints":{"allow":["GET"]}}],"collection":[{"href":"https:\/\/arthes.ch\/fr\/wp-json\/wp\/v2\/pages"}],"about":[{"href":"https:\/\/arthes.ch\/fr\/wp-json\/wp\/v2\/types\/page"}],"author":[{"embeddable":true,"href":"https:\/\/arthes.ch\/fr\/wp-json\/wp\/v2\/users\/98"}],"replies":[{"embeddable":true,"href":"https:\/\/arthes.ch\/fr\/wp-json\/wp\/v2\/comments?post=5345"}],"version-history":[{"count":3,"href":"https:\/\/arthes.ch\/fr\/wp-json\/wp\/v2\/pages\/5345\/revisions"}],"predecessor-version":[{"id":5379,"href":"https:\/\/arthes.ch\/fr\/wp-json\/wp\/v2\/pages\/5345\/revisions\/5379"}],"wp:attachment":[{"href":"https:\/\/arthes.ch\/fr\/wp-json\/wp\/v2\/media?parent=5345"}],"curies":[{"name":"wp","href":"https:\/\/api.w.org\/{rel}","templated":true}]}}