{"id":5349,"date":"2021-11-23T00:18:06","date_gmt":"2021-11-22T23:18:06","guid":{"rendered":"https:\/\/arthes.ch\/huiles-essentielles-comment-elles-sont-fabriquees-ce-quelles-contiennent-et-pourquoi-une-solide-expertise-dans-leur-utilisation-est-importante\/"},"modified":"2021-11-23T00:21:48","modified_gmt":"2021-11-22T23:21:48","slug":"huiles-essentielles-comment-elles-sont-fabriquees-ce-quelles-contiennent-et-pourquoi-une-solide-expertise-dans-leur-utilisation-est-importante","status":"publish","type":"page","link":"https:\/\/arthes.ch\/fr\/huiles-essentielles-comment-elles-sont-fabriquees-ce-quelles-contiennent-et-pourquoi-une-solide-expertise-dans-leur-utilisation-est-importante\/","title":{"rendered":"Huiles essentielles &#8211; comment elles sont fabriqu\u00e9es, ce qu&#8217;elles contiennent et pourquoi une solide expertise dans leur utilisation est importante"},"content":{"rendered":"\n<div class=\"wp-block-image\"><figure class=\"aligncenter size-large\"><img loading=\"lazy\" decoding=\"async\" width=\"1024\" height=\"683\" src=\"https:\/\/arthes.ch\/wp-content\/uploads\/2021\/09\/Aetherisches-Oel-2-1024x683.jpg\" alt=\"\" class=\"wp-image-5236\" srcset=\"https:\/\/arthes.ch\/wp-content\/uploads\/2021\/09\/Aetherisches-Oel-2-1024x683.jpg 1024w, https:\/\/arthes.ch\/wp-content\/uploads\/2021\/09\/Aetherisches-Oel-2-300x200.jpg 300w, https:\/\/arthes.ch\/wp-content\/uploads\/2021\/09\/Aetherisches-Oel-2-768x512.jpg 768w, https:\/\/arthes.ch\/wp-content\/uploads\/2021\/09\/Aetherisches-Oel-2-1536x1024.jpg 1536w, https:\/\/arthes.ch\/wp-content\/uploads\/2021\/09\/Aetherisches-Oel-2-2048x1366.jpg 2048w\" sizes=\"auto, (max-width: 767px) 89vw, (max-width: 1000px) 54vw, (max-width: 1071px) 543px, 580px\" \/><\/figure><\/div>\n\n<p>L&#8217;aromath\u00e9rapie est un sous-domaine de la phytoth\u00e9rapie (m\u00e9dicament \u00e0 base de plantes) dans lequel les parfums de la plante, les huiles essentielles, sont utilis\u00e9s. Il s&#8217;agit d&#8217;une m\u00e9decine compl\u00e9mentaire et se veut un compl\u00e9ment \u00e0 d&#8217;autres formes de th\u00e9rapie. Il ne remplace pas une visite chez le m\u00e9decin ou le praticien alternatif.<br\/><br\/>Le terme \u00ab aromath\u00e9rapie \u00bb n&#8217;a que presque 100 ans, mais il est prouv\u00e9 que cette forme de th\u00e9rapie \u00e9tait utilis\u00e9e il y a des milliers d&#8217;ann\u00e9es. Les r\u00e9sines et les bois ont \u00e9t\u00e9 utilis\u00e9s pour rendre hommage aux dieux d\u00e8s l&#8217;\u00e2ge de pierre.<\/p>\n\n<div class=\"wp-block-image\"><figure class=\"aligncenter size-large\"><img loading=\"lazy\" decoding=\"async\" width=\"1024\" height=\"768\" src=\"https:\/\/arthes.ch\/wp-content\/uploads\/2021\/09\/Raeuchern-2-min-1-1024x768.jpg\" alt=\"\" class=\"wp-image-5244\" srcset=\"https:\/\/arthes.ch\/wp-content\/uploads\/2021\/09\/Raeuchern-2-min-1-1024x768.jpg 1024w, https:\/\/arthes.ch\/wp-content\/uploads\/2021\/09\/Raeuchern-2-min-1-300x225.jpg 300w, https:\/\/arthes.ch\/wp-content\/uploads\/2021\/09\/Raeuchern-2-min-1-768x576.jpg 768w, https:\/\/arthes.ch\/wp-content\/uploads\/2021\/09\/Raeuchern-2-min-1-1536x1152.jpg 1536w, https:\/\/arthes.ch\/wp-content\/uploads\/2021\/09\/Raeuchern-2-min-1-2048x1536.jpg 2048w\" sizes=\"auto, (max-width: 767px) 89vw, (max-width: 1000px) 54vw, (max-width: 1071px) 543px, 580px\" \/><\/figure><\/div>\n\n<p><br\/>Des encens avec de l&#8217;herbe s\u00e9ch\u00e9e, des fruits, du bois et des r\u00e9sines ainsi que des onguents parfum\u00e9s \u00e0 base de fleurs et de bougies \u00e0 base de plantes ont \u00e9t\u00e9 fabriqu\u00e9s par des pr\u00eatres et des femmes sages dans de nombreuses cultures et \u00e9poques. Les \u00c9gyptiens connaissaient d\u00e9j\u00e0 les proc\u00e9d\u00e9s de distillation et produisaient des huiles essentielles.<br\/>Au XVIe si\u00e8cle, Paracelse associa pour la premi\u00e8re fois les effets des huiles essentielles \u00e0 des ingr\u00e9dients individuels.<\/p>\n\n<p>Il existe plus de 300 000 esp\u00e8ces v\u00e9g\u00e9tales dans le monde, dont seulement 2 300 forment des huiles essentielles. La plupart des plantes odorantes ne contiennent qu&#8217;un \u00e0 deux pour cent d&#8217;huiles essentielles, beaucoup m\u00eame beaucoup moins (jusqu&#8217;\u00e0 des concentrations si faibles que l&#8217;exploitation commerciale n&#8217;en vaut plus la peine). Ici, vous pouvez voir \u00e0 quel point les essences v\u00e9g\u00e9tales sont pr\u00e9cieuses et pr\u00e9cieuses et qu&#8217;il vaut la peine de les utiliser avec soin.<\/p>\n\n<div class=\"wp-block-image\"><figure class=\"aligncenter size-medium\"><img loading=\"lazy\" decoding=\"async\" width=\"300\" height=\"295\" src=\"https:\/\/arthes.ch\/wp-content\/uploads\/2021\/09\/oil-glands-loosestrife-1582254_1920-300x295.jpg\" alt=\"\" class=\"wp-image-5246\" srcset=\"https:\/\/arthes.ch\/wp-content\/uploads\/2021\/09\/oil-glands-loosestrife-1582254_1920-300x295.jpg 300w, https:\/\/arthes.ch\/wp-content\/uploads\/2021\/09\/oil-glands-loosestrife-1582254_1920-1024x1009.jpg 1024w, https:\/\/arthes.ch\/wp-content\/uploads\/2021\/09\/oil-glands-loosestrife-1582254_1920-768x756.jpg 768w, https:\/\/arthes.ch\/wp-content\/uploads\/2021\/09\/oil-glands-loosestrife-1582254_1920-1536x1513.jpg 1536w, https:\/\/arthes.ch\/wp-content\/uploads\/2021\/09\/oil-glands-loosestrife-1582254_1920.jpg 1920w\" sizes=\"auto, (max-width: 300px) 100vw, 300px\" \/><\/figure><\/div>\n\n<p>Les huiles essentielles sont produites par la plante dans des glandes s\u00e9bac\u00e9es sp\u00e9ciales. Selon le type de plante, on les retrouve sur les feuilles, les fleurs, les graines, les pelures de fruits et les racines, mais aussi dans les r\u00e9sines, l&#8217;\u00e9corce ou le bois. Diff\u00e9rentes parties de la plante sont n\u00e9cessaires pour produire une huile essentielle.<br\/>Nous avons besoin de 7000 kg d&#8217;herbe de m\u00e9lisse pour faire 1 kg d&#8217;huile essentielle<br\/>environ 4000 kg de p\u00e9tales de rose donnent 1 kg d&#8217;huile essentielle de rose,<br\/>Nous pressons \u00e9galement 1kg d&#8217;huile essentielle sur 200kg d&#8217;\u00e9corce d&#8217;orange.<br\/>120 kg de fleurs de lavande produisent 1 kg d&#8217;huile essentielle de lavande lorsqu&#8217;elles sont distill\u00e9es \u00e0 la vapeur<\/p>\n\n<p>La plante fabrique les huiles essentielles \u00e0 diff\u00e9rentes fins :<\/p>\n\n<p>1. Ils attirent les insectes et les papillons pour polliniser avec leur parfum<br\/>2. Les propri\u00e9t\u00e9s germicides des huiles essentielles peuvent provoquer des maladies <br\/> \u00eatre \u00e9vit\u00e9<br\/>3. Dans certaines plantes, ils servent de moyen de communication<br\/>4. Les plantes prot\u00e8gent leur territoire avec des huiles essentielles, elles rendent la t\u00e2che plus difficile aux autres plantes, <br\/> s&#8217;installer dans leur voisinage<br\/>5. Ils servent de protection contre les rayons UV trop importants ou l&#8217;\u00e9vaporation de l&#8217;eau\u00a0; un gazeux<br\/> Un voile de protection s&#8217;enroule autour de leurs feuilles ou aiguilles<br\/>6. Vous vous prot\u00e9gez des pr\u00e9dateurs<br\/><br\/>Les huiles essentielles sont tr\u00e8s volatiles (c&#8217;est de l\u00e0 que vient le terme &#8220;essentiel&#8221; &#8211; \u00e9ther), liposolubles (bien qu&#8217;elles ne contiennent pas de graisses et ne laissent pas de traces de graisse sur le papier), des m\u00e9langes organiques de substances.<\/p>\n\n<p>D&#8217;un point de vue pharmacologique, les huiles essentielles sont des m\u00e9langes de plusieurs substances. L&#8217;huile de rose, par exemple, contient jusqu&#8217;\u00e0 400 mol\u00e9cules diff\u00e9rentes. Cela explique \u00e9galement pourquoi ce parfum complexe ne peut \u00eatre approxim\u00e9 que synth\u00e9tiquement et sent souvent un peu plat ou savonneux.<\/p>\n\n<figure class=\"wp-block-image size-large\"><img loading=\"lazy\" decoding=\"async\" width=\"1024\" height=\"683\" src=\"https:\/\/arthes.ch\/wp-content\/uploads\/2021\/09\/aetherisches-Oel-1-min-1-1-1024x683.jpeg\" alt=\"\" class=\"wp-image-5250\" srcset=\"https:\/\/arthes.ch\/wp-content\/uploads\/2021\/09\/aetherisches-Oel-1-min-1-1-1024x683.jpeg 1024w, https:\/\/arthes.ch\/wp-content\/uploads\/2021\/09\/aetherisches-Oel-1-min-1-1-300x200.jpeg 300w, https:\/\/arthes.ch\/wp-content\/uploads\/2021\/09\/aetherisches-Oel-1-min-1-1-768x512.jpeg 768w\" sizes=\"auto, (max-width: 767px) 89vw, (max-width: 1000px) 54vw, (max-width: 1071px) 543px, 580px\" \/><\/figure>\n<p>Les huiles essentielles sont constitu\u00e9es d&#8217;un grand nombre d&#8217;ingr\u00e9dients diff\u00e9rents. Pour certains d&#8217;entre eux, il existe d\u00e9j\u00e0 des domaines d&#8217;application scientifiquement fond\u00e9s. La polyvalence des essences \u00e0 base de plantes, cependant, est r\u00e9v\u00e9l\u00e9e par l&#8217;interaction des ingr\u00e9dients individuels. Les propri\u00e9t\u00e9s des huiles essentielles ne peuvent pas seulement \u00eatre d\u00e9riv\u00e9es des substances individuelles. De puissants effets synergiques font de chaque huile quelque chose \u00e0 part enti\u00e8re.<\/p>\n\n<p>Chimiquement parlant, la plupart des ingr\u00e9dients actifs sont constitu\u00e9s de terp\u00e8nes. Les terp\u00e8nes sont des compos\u00e9s hydrocarbon\u00e9s. (les atomes C se combinent avec les atomes H)<br\/><br\/>Les monoterp\u00e8nes sont constitu\u00e9s de 10 atomes de carbone (atomes C). Ce sont de tr\u00e8s petites mol\u00e9cules et volatiles. Ils p\u00e9n\u00e8trent particuli\u00e8rement rapidement dans la peau. Elles peuvent \u00eatre facilement obtenues par distillation \u00e0 la vapeur et se retrouvent donc dans nombre de nos huiles essentielles et souvent en plus grande quantit\u00e9. Selon la disposition des atomes C et H, il existe d&#8217;autres propri\u00e9t\u00e9s, des caract\u00e8res parfum\u00e9s sp\u00e9cifiques et d&#8217;autres domaines d&#8217;application.<\/p>\n\n<p>Dans le cas des huiles \u00e0 haute teneur en monoterp\u00e8nes, il est particuli\u00e8rement important de s&#8217;assurer qu&#8217;elles sont correctement stock\u00e9es. L&#8217;oxyg\u00e8ne, la lumi\u00e8re et la chaleur les colmatent rapidement et provoquent leur oxydation. Les produits de d\u00e9gradation qui en r\u00e9sultent peuvent provoquer une irritation de la peau. C&#8217;est pourquoi nous n&#8217;utilisons les huiles d&#8217;agrumes telles que l&#8217;orange et le pamplemousse que lorsqu&#8217;elles sont fra\u00eeches sur la peau et jamais non dilu\u00e9es. Si le flacon est ouvert depuis quelques mois, l&#8217;huile est toujours utilis\u00e9e comme parfum d&#8217;ambiance.<br\/>Les huiles essentielles \u00e0 haute teneur en monoterp\u00e8nes ont des effets analg\u00e9siques, anti-inflammatoires, r\u00e9chauffants et stimulants. Ils ont un effet positif sur le syst\u00e8me nerveux v\u00e9g\u00e9tatif et ont un effet modulateur sur l&#8217;activit\u00e9 surr\u00e9nale, ce qui explique leur effet cortisone-like. Les monoterp\u00e8nes ont un effet antibact\u00e9rien et antiviral et renforcent notre syst\u00e8me immunitaire. Nous sommes heureux de les utiliser dans les vaporisateurs d&#8217;ambiance pendant la saison plus fra\u00eeche.<br\/>Sur le plan psychologique, les huiles essentielles \u00e0 haute teneur en monoterp\u00e8nes favorisent la concentration, stimulent mentalement et soulagent l\u00e9g\u00e8rement l&#8217;anxi\u00e9t\u00e9.<\/p>\n\n<p>Les monoterp\u00e8nes sont pr\u00e9sents en concentrations \u00e9lev\u00e9es dans les parfums d&#8217;agrumes mentionn\u00e9s ci-dessus (orange, citron, citron vert, pamplemousse, bergamote) et dans les huiles de r\u00e9sineux (\u00e9pinette rouge, sapin argent\u00e9, pin, cypr\u00e8s, c\u00e8dre, douglas).<\/p>\n\n<p>Les sesquiterp\u00e8nes ont 5 atomes de carbone de plus et les atomes d&#8217;hydrog\u00e8ne correspondants que les monoterp\u00e8nes et sont donc plus gros, moins r\u00e9actifs et moins volatils. Cela signifie \u00e9galement qu&#8217;ils ne sont pas si faciles \u00e0 distiller \u00e0 partir de la plante. On les trouve souvent en plus petites concentrations ou seulement en traces dans nos huiles essentielles.<br\/>Contrairement aux monoterp\u00e8nes, ils sont extr\u00eamement doux pour la peau et de v\u00e9ritables consolateurs d&#8217;\u00e2me. Les huiles essentielles \u00e0 haute teneur en sesquiterp\u00e8ne font partie de chaque cr\u00e8me pour la peau. Ils apaisent et soignent les peaux sensibles, irrit\u00e9es, rougies ou sujettes aux allergies. Certains sesquiterp\u00e8nes peuvent avoir un effet r\u00e9gulateur sur la lib\u00e9ration d&#8217;histamine et ainsi soulager le rhume des foins.<br\/>Les sesquiterp\u00e8nes donnent \u00e0 notre psychisme puissance, force et confiance en soi. Ils r\u00e9gulent diverses hormones et substances messag\u00e8res dans notre cerveau et notre corps et sont des sp\u00e9cialistes des troubles psychosomatiques.<br\/>Ils sont pr\u00e9sents en concentrations \u00e9lev\u00e9es, par exemple dans les huiles essentielles de gingembre, de c\u00e8dre, de camomille bleue et de m\u00e9lisse.<\/p>\n\n<p>Les atomes de carbone peuvent former d&#8217;autres liaisons. Si, par exemple, un atome d&#8217;oxyg\u00e8ne se fixe sur un atome de carbone au lieu d&#8217;un atome d&#8217;hydrog\u00e8ne, il en r\u00e9sulte d&#8217;autres groupes de substances actives\u00a0:<\/p>\n\n<figure class=\"wp-block-table\"><table><tbody><tr><td><strong>Nom du groupe d&#8217;ingr\u00e9dients actifs\u00a0:<\/strong><\/td><td><strong>Effet, domaine d&#8217;application\u00a0:<\/strong><\/td><td><strong>Exemples \u00e4th. Huiles:<\/strong><\/td><\/tr><tr><td>\u00a0<\/td><td>\u00a0<\/td><td>\u00a0<\/td><\/tr><tr><td><span class=\"has-inline-color has-vivid-cyan-blue-color\">Terp\u00e9nols<\/span><br\/>alcools monoterp\u00e9niques et sesquiterp\u00e9niques)<\/td><td>Tr\u00e8s doux pour la peau et <span class=\"has-inline-color has-vivid-cyan-blue-color\">bienveillant<\/span> , stimule <span class=\"has-inline-color has-vivid-cyan-blue-color\">le syst\u00e8me immunitaire<\/span> , a un effet sur le syst\u00e8me hormonal, favorise <span class=\"has-inline-color has-vivid-cyan-blue-color\">l&#8217;\u00e9quilibre mental<\/span><\/td><td><span class=\"has-inline-color has-vivid-cyan-blue-color\">Lavande fine rose g\u00e9ranium thym linalol graines de carotte patchouli <\/span><\/td><\/tr><tr><td><span class=\"has-inline-color has-luminous-vivid-amber-color\">Ald\u00e9hydes<\/span> <br\/>(Se produire presque exclusivement sous forme d&#8217;ald\u00e9hydes monoterp\u00e9niques)<\/td><td>Parfum citronn\u00e9 Sensible \u00e0 la lumi\u00e8re et \u00e0 l&#8217;air <span class=\"has-inline-color has-luminous-vivid-amber-color\">, analg\u00e9sique, anti-inflammatoire, antiviral, antibact\u00e9rien<\/span> et antifongique, stimule la <span class=\"has-inline-color has-luminous-vivid-amber-color\">circulation<\/span>  <\/td><td><span class=\"has-inline-color has-luminous-vivid-amber-color\">Eucalyptus citriodora Citronnelle Litsea Lemon Balm<\/span><\/td><\/tr><tr><td><span class=\"has-inline-color has-vivid-red-color\">C\u00e9tones<\/span><br\/>C\u00e9tones monoterp\u00e9niques et sesquiterp\u00e9niques <\/td><td>Soutient <span class=\"has-inline-color has-vivid-red-color\">le processus de cicatrisation et la cicatrisation des plaies<\/span> , liqu\u00e9fie le mucus <span class=\"has-inline-color has-vivid-red-color\">sur les voies respiratoires<\/span> .Effet spasmolytique (antispasmodique) <\/td><td><span class=\"has-inline-color has-vivid-red-color\">Menthe poivr\u00e9e nano menthe<br\/>Romarin CT Camphre<br\/>iris<br\/>c\u00e8dre <\/span><\/td><\/tr><tr><td><span class=\"has-inline-color has-vivid-green-cyan-color\">Oxydes <\/span><br\/>(Se produire presque exclusivement sous forme d&#8217;oxydes de monoterp\u00e8ne, le repr\u00e9sentant le plus important de ce groupe est 1,8 cin\u00e9ol)<\/td><td>Fonction de nettoyage et d&#8217;\u00e9limination <span class=\"has-inline-color has-vivid-green-cyan-color\">des voies respiratoires sup\u00e9rieures<\/span> , anti-inflammatoire sur <span class=\"has-inline-color has-vivid-green-cyan-color\">les muqueuses et les bronches \u00c9veille les esprits<\/span> , stimulant mental <\/td><td><span class=\"has-inline-color has-vivid-green-cyan-color\">Cajeput<br\/>Eucalyptus radiata Ravintsara Niaouli<br\/>laurier<br\/>Romarin \u00e0 cin\u00e9ole<\/span><\/td><\/tr><tr><td><span class=\"has-inline-color has-vivid-purple-color\">Ester<\/span><br\/>(Esters monoterp\u00e9niques et sesquiterp\u00e9niques)<\/td><td>Relaxant holistique <span class=\"has-inline-color has-vivid-purple-color\">, favorisant le sommeil, modulant et r\u00e9gulant les hormones, relaxant, \u00e9quilibrant et<\/span> r\u00e9gulant les niveaux de s\u00e9rotonine <\/td><td><span class=\"has-inline-color has-vivid-purple-color\">Bergamote, \u00e9pic\u00e9a, Sib\u00e9rie, sauge sclar\u00e9e rouge <\/span><\/td><\/tr><\/tbody><\/table><\/figure>\n<div class=\"wp-block-image\"><figure class=\"aligncenter size-medium\"><img loading=\"lazy\" decoding=\"async\" width=\"300\" height=\"295\" src=\"https:\/\/arthes.ch\/wp-content\/uploads\/2021\/09\/Geruchssinn-300x295.jpg\" alt=\"\" class=\"wp-image-5238\" srcset=\"https:\/\/arthes.ch\/wp-content\/uploads\/2021\/09\/Geruchssinn-300x295.jpg 300w, https:\/\/arthes.ch\/wp-content\/uploads\/2021\/09\/Geruchssinn-1024x1008.jpg 1024w, https:\/\/arthes.ch\/wp-content\/uploads\/2021\/09\/Geruchssinn-768x756.jpg 768w, https:\/\/arthes.ch\/wp-content\/uploads\/2021\/09\/Geruchssinn-1536x1512.jpg 1536w, https:\/\/arthes.ch\/wp-content\/uploads\/2021\/09\/Geruchssinn-2048x2017.jpg 2048w\" sizes=\"auto, (max-width: 300px) 100vw, 300px\" \/><\/figure><\/div>\n\n<p>Les minuscules mol\u00e9cules des auxiliaires parfum\u00e9s atteignent la partie la plus ancienne de notre cerveau, appel\u00e9e syst\u00e8me limbique, via l&#8217;odorat. Les sentiments, les \u00e9motions, les instincts et les pulsions sont trait\u00e9s dans cette zone du cerveau. C&#8217;est ainsi que nous utilisons les huiles essentielles pour influencer notre psychisme et notre bien-\u00eatre \u00e9motionnel.<\/p>\n\n<p>Les huiles essentielles sont \u00e9galement absorb\u00e9es directement par la peau. Les mol\u00e9cules individuelles sont d\u00e9tect\u00e9es dans le sang seulement 15 \u00e0 20 minutes apr\u00e8s avoir \u00e9t\u00e9 frott\u00e9es. L\u00e0, ils peuvent augmenter notre bien-\u00eatre de diff\u00e9rentes mani\u00e8res. Certains ingr\u00e9dients ont un effet calmant, d&#8217;autres stimulent, beaucoup soulagent la douleur ou d\u00e9tendent les muscles, ils peuvent influencer des processus complexes comme notre syst\u00e8me immunitaire ou les hormones.<\/p>\n\n<div class=\"wp-block-image\"><figure class=\"aligncenter size-medium\"><a href=\"https:\/\/arthes.ch\/qualitat-atherische-oelen\/\"><img loading=\"lazy\" decoding=\"async\" width=\"300\" height=\"300\" src=\"https:\/\/arthes.ch\/wp-content\/uploads\/2021\/09\/Weiss-einfach-Foto-Papa-Anerkennung-Instagram-Post-1-300x300.png\" alt=\"\" class=\"wp-image-5256\" srcset=\"https:\/\/arthes.ch\/wp-content\/uploads\/2021\/09\/Weiss-einfach-Foto-Papa-Anerkennung-Instagram-Post-1-300x300.png 300w, https:\/\/arthes.ch\/wp-content\/uploads\/2021\/09\/Weiss-einfach-Foto-Papa-Anerkennung-Instagram-Post-1-1024x1024.png 1024w, https:\/\/arthes.ch\/wp-content\/uploads\/2021\/09\/Weiss-einfach-Foto-Papa-Anerkennung-Instagram-Post-1-150x150.png 150w, https:\/\/arthes.ch\/wp-content\/uploads\/2021\/09\/Weiss-einfach-Foto-Papa-Anerkennung-Instagram-Post-1-768x768.png 768w, https:\/\/arthes.ch\/wp-content\/uploads\/2021\/09\/Weiss-einfach-Foto-Papa-Anerkennung-Instagram-Post-1-100x100.png 100w, https:\/\/arthes.ch\/wp-content\/uploads\/2021\/09\/Weiss-einfach-Foto-Papa-Anerkennung-Instagram-Post-1.png 1080w\" sizes=\"auto, (max-width: 300px) 100vw, 300px\" \/><\/a><\/figure><\/div>\n","protected":false},"excerpt":{"rendered":"<p>L&#8217;aromath\u00e9rapie est un sous-domaine de la phytoth\u00e9rapie (m\u00e9dicament \u00e0 base de plantes) dans lequel les parfums de la plante, les huiles essentielles, sont utilis\u00e9s. Il s&#8217;agit d&#8217;une m\u00e9decine compl\u00e9mentaire et se veut un compl\u00e9ment \u00e0 d&#8217;autres formes de th\u00e9rapie. Il ne remplace pas une visite chez le m\u00e9decin ou le praticien alternatif. Le terme \u00ab &hellip; <\/p>\n<p class=\"link-more\"><a href=\"https:\/\/arthes.ch\/fr\/huiles-essentielles-comment-elles-sont-fabriquees-ce-quelles-contiennent-et-pourquoi-une-solide-expertise-dans-leur-utilisation-est-importante\/\" class=\"more-link\">Continuer la lecture<span class=\"screen-reader-text\"> de &laquo;&nbsp;Huiles essentielles &#8211; comment elles sont fabriqu\u00e9es, ce qu&#8217;elles contiennent et pourquoi une solide expertise dans leur utilisation est importante&nbsp;&raquo;<\/span><\/a><\/p>\n","protected":false},"author":98,"featured_media":0,"parent":0,"menu_order":1,"comment_status":"closed","ping_status":"closed","template":"","meta":{"footnotes":""},"class_list":["post-5349","page","type-page","status-publish","hentry"],"aioseo_notices":[],"jetpack_sharing_enabled":true,"_links":{"self":[{"href":"https:\/\/arthes.ch\/fr\/wp-json\/wp\/v2\/pages\/5349","targetHints":{"allow":["GET"]}}],"collection":[{"href":"https:\/\/arthes.ch\/fr\/wp-json\/wp\/v2\/pages"}],"about":[{"href":"https:\/\/arthes.ch\/fr\/wp-json\/wp\/v2\/types\/page"}],"author":[{"embeddable":true,"href":"https:\/\/arthes.ch\/fr\/wp-json\/wp\/v2\/users\/98"}],"replies":[{"embeddable":true,"href":"https:\/\/arthes.ch\/fr\/wp-json\/wp\/v2\/comments?post=5349"}],"version-history":[{"count":4,"href":"https:\/\/arthes.ch\/fr\/wp-json\/wp\/v2\/pages\/5349\/revisions"}],"predecessor-version":[{"id":5413,"href":"https:\/\/arthes.ch\/fr\/wp-json\/wp\/v2\/pages\/5349\/revisions\/5413"}],"wp:attachment":[{"href":"https:\/\/arthes.ch\/fr\/wp-json\/wp\/v2\/media?parent=5349"}],"curies":[{"name":"wp","href":"https:\/\/api.w.org\/{rel}","templated":true}]}}