{"id":5350,"date":"2021-11-23T00:18:06","date_gmt":"2021-11-22T23:18:06","guid":{"rendered":"https:\/\/arthes.ch\/agrement-assurance-maladie\/"},"modified":"2021-11-23T00:21:49","modified_gmt":"2021-11-22T23:21:49","slug":"agrement-assurance-maladie","status":"publish","type":"page","link":"https:\/\/arthes.ch\/fr\/agrement-assurance-maladie\/","title":{"rendered":"Agr\u00e9ment assurance maladie"},"content":{"rendered":"\n<figure class=\"wp-block-image size-large\"><img decoding=\"async\" src=\"https:\/\/arthes.ch\/wp-content\/uploads\/2020\/04\/AdobeStock_285735244-1024x680.jpeg\" alt=\"\" class=\"wp-image-4552\"\/><\/figure>\n<h1 class=\"has-medium-font-size wp-block-heading\"><strong><strong>Quand serai-je reconnu par une mutuelle ?<\/strong><\/strong><\/h1>\n\n<p>Voici un r\u00e9sum\u00e9 de ce que vous devez apporter avec vous de EMR, ASCA ou NVS pour l&#8217;enregistrement\u00a0: <\/p>\n\n<hr class=\"wp-block-separator\" \/>\n\n<figure class=\"wp-block-image size-medium is-resized\"><img loading=\"lazy\" decoding=\"async\" src=\"https:\/\/arthes.ch\/wp-content\/uploads\/2020\/07\/emr_logo_de_rgb-1-300x165.jpg\" alt=\"\" class=\"wp-image-4666\" width=\"225\" height=\"124\" srcset=\"https:\/\/arthes.ch\/wp-content\/uploads\/2020\/07\/emr_logo_de_rgb-1-300x165.jpg 300w, https:\/\/arthes.ch\/wp-content\/uploads\/2020\/07\/emr_logo_de_rgb-1-1024x562.jpg 1024w, https:\/\/arthes.ch\/wp-content\/uploads\/2020\/07\/emr_logo_de_rgb-1-768x422.jpg 768w, https:\/\/arthes.ch\/wp-content\/uploads\/2020\/07\/emr_logo_de_rgb-1.jpg 1062w\" sizes=\"auto, (max-width: 225px) 100vw, 225px\" \/><\/figure>\n<p><strong><a href=\"https:\/\/emr.ch\" target=\"_blank\" rel=\"noreferrer noopener\">DME<\/a><\/strong><\/p>\n\n<p class=\"has-normal-font-size\">\u00abCette m\u00e9thode ne peut \u00eatre enregistr\u00e9e que par les th\u00e9rapeutes qui sont affect\u00e9s au groupe de m\u00e9thodes n\u00b0 131 (<strong>Naturopathes PSN<\/strong> ) sont enregistr\u00e9s <strong>ou<\/strong> de <strong>Les personnes ayant une formation m\u00e9dicale ou param\u00e9dicale<\/strong> selon l&#8217;annexe 1 de la liste des m\u00e9thodes EMR qui <strong>sont \u00e9galement enregistr\u00e9s pour<\/strong> <strong>l&#8217;un des groupes de m\u00e9thodes \/ m\u00e9thodes suivants<\/strong> : n\u00b0 10 (m\u00e9decine anthroposophique), n\u00b0 22 (Ayurveda), n\u00b0 91 (hom\u00e9opathie, classique), n\u00b0 141 (ost\u00e9opathie \/ \u00e9tiopathie), n\u00b0 185 ( TCM) , N\u00b0 189 (M\u00e9decine tib\u00e9taine), N\u00b0 223 (Ost\u00e9opathe avec MSc FH en Ost\u00e9opathie \/ Dipl\u00f4me GDK). \u00bb Extrait de la liste des m\u00e9thodes EMR Vo22<\/p>\n\n<p>Pour plus d&#8217;informations et pour l&#8217;annexe 1, voir les <a href=\"https:\/\/www.emr.ch\/dl\/dokumente\/emr-reglement-8-methoden.pdf\">listes de m\u00e9thodes EMR<\/a> .<\/p>\n\n<hr class=\"wp-block-separator\" \/>\n\n<figure class=\"wp-block-image size-full\"><img loading=\"lazy\" decoding=\"async\" width=\"244\" height=\"66\" src=\"https:\/\/arthes.ch\/wp-content\/uploads\/2021\/09\/D_logoTexte.jpg\" alt=\"\" class=\"wp-image-5264\"\/><\/figure>\n<p><a href=\"http:\/\/www.asca.ch\" target=\"_blank\" rel=\"noreferrer noopener\"><strong>ASCA Fondation suisse pour la m\u00e9decine compl\u00e9mentaire<\/strong><\/a><\/p>\n\n<p>Afin d&#8217;\u00eatre accr\u00e9dit\u00e9 par l&#8217;ASCA pour la m\u00e9thode 392 Aromath\u00e9rapie, la personne doit avoir compl\u00e9t\u00e9 un examen de 150 heures en aromath\u00e9rapie <strong>et soit<\/strong> travailler en tant que th\u00e9rapeute avec l&#8217;une des principales m\u00e9thodes de phytoth\u00e9rapie (WAM, TCM, AVM) <strong>ou<\/strong> en tant que naturopathe (WAM, TCM, AVM) ou \u00eatre inscrit en tant que m\u00e9decin.<\/p>\n\n<p>De plus amples informations sont disponibles sur <a href=\"http:\/\/www.asca.ch\/\" target=\"_blank\" rel=\"noreferrer noopener\">www.asca.ch<\/a> et aupr\u00e8s des <a href=\"http:\/\/www.asca.ch\/Schools.aspx\" target=\"_blank\" rel=\"noreferrer noopener\">\u00e9coles<\/a> d&#8217;aromath\u00e9rapie accr\u00e9dit\u00e9es ASCA.<\/p>\n\n<hr class=\"wp-block-separator\" \/>\n\n<figure class=\"wp-block-image size-medium is-resized\"><img loading=\"lazy\" decoding=\"async\" src=\"https:\/\/arthes.ch\/wp-content\/uploads\/2020\/07\/NVS_Logo-links_transp-300x80.png\" alt=\"\" class=\"wp-image-4664\" width=\"300\" height=\"80\" srcset=\"https:\/\/arthes.ch\/wp-content\/uploads\/2020\/07\/NVS_Logo-links_transp-300x80.png 300w, https:\/\/arthes.ch\/wp-content\/uploads\/2020\/07\/NVS_Logo-links_transp-768x206.png 768w, https:\/\/arthes.ch\/wp-content\/uploads\/2020\/07\/NVS_Logo-links_transp.png 874w\" sizes=\"auto, (max-width: 300px) 100vw, 300px\" \/><\/figure>\n<p class=\"has-normal-font-size\"><strong><a href=\"https:\/\/nvs.swiss\" target=\"_blank\" rel=\"noreferrer noopener\">NVS Natur\u00e4rzte Vereinigung Suisse<\/a><\/strong><\/p>\n\n<p class=\"has-normal-font-size\">Pour \u00eatre reconnu par le NVS en tant que th\u00e9rapeute dans le domaine de &#8220;l&#8217;aromath\u00e9rapie&#8221;, vous devez avoir compl\u00e9t\u00e9 au moins 180 heures de m\u00e9decine conventionnelle de base et 160 heures dans le domaine de &#8220;l&#8217;aromath\u00e9rapie&#8221;.<\/p>\n\n<p class=\"has-normal-font-size\">Si vous avez une formation de naturopathe (TEN) avec au moins 600 heures de bases m\u00e9dicales et 1 200 heures dans le domaine \u00ab TEN \u00bb, vous n&#8217;avez pas besoin de justifier d&#8217;heures suppl\u00e9mentaires pour la reconnaissance dans le domaine \u00ab aromath\u00e9rapie \u00bb.<\/p>\n\n<div class=\"wp-block-columns is-layout-flex wp-container-core-columns-is-layout-9d6595d7 wp-block-columns-is-layout-flex\">\n<div class=\"wp-block-column is-layout-flow wp-block-column-is-layout-flow\" style=\"flex-basis:100%\">\n<div class=\"wp-block-columns is-layout-flex wp-container-core-columns-is-layout-9d6595d7 wp-block-columns-is-layout-flex\">\n<div class=\"wp-block-column is-layout-flow wp-block-column-is-layout-flow\" style=\"flex-basis:100%\">\n<div class=\"wp-block-image\"><figure class=\"aligncenter size-medium\"><a href=\"https:\/\/arthes.ch\/aromatherapie-weiterbildung\/\"><img loading=\"lazy\" decoding=\"async\" width=\"300\" height=\"300\" src=\"https:\/\/arthes.ch\/wp-content\/uploads\/2021\/09\/Weiss-einfach-Foto-Papa-Anerkennung-Instagram-Post-2-300x300.png\" alt=\"\" class=\"wp-image-5258\" srcset=\"https:\/\/arthes.ch\/wp-content\/uploads\/2021\/09\/Weiss-einfach-Foto-Papa-Anerkennung-Instagram-Post-2-300x300.png 300w, https:\/\/arthes.ch\/wp-content\/uploads\/2021\/09\/Weiss-einfach-Foto-Papa-Anerkennung-Instagram-Post-2-1024x1024.png 1024w, https:\/\/arthes.ch\/wp-content\/uploads\/2021\/09\/Weiss-einfach-Foto-Papa-Anerkennung-Instagram-Post-2-150x150.png 150w, https:\/\/arthes.ch\/wp-content\/uploads\/2021\/09\/Weiss-einfach-Foto-Papa-Anerkennung-Instagram-Post-2-768x768.png 768w, https:\/\/arthes.ch\/wp-content\/uploads\/2021\/09\/Weiss-einfach-Foto-Papa-Anerkennung-Instagram-Post-2-100x100.png 100w, https:\/\/arthes.ch\/wp-content\/uploads\/2021\/09\/Weiss-einfach-Foto-Papa-Anerkennung-Instagram-Post-2.png 1080w\" sizes=\"auto, (max-width: 300px) 100vw, 300px\" \/><\/a><\/figure><\/div>\n<\/div>\n<\/div>\n<\/div>\n<\/div>\n","protected":false},"excerpt":{"rendered":"<p>Quand serai-je reconnu par une mutuelle ? Voici un r\u00e9sum\u00e9 de ce que vous devez apporter avec vous de EMR, ASCA ou NVS pour l&#8217;enregistrement\u00a0: DME \u00abCette m\u00e9thode ne peut \u00eatre enregistr\u00e9e que par les th\u00e9rapeutes qui sont affect\u00e9s au groupe de m\u00e9thodes n\u00b0 131 (Naturopathes PSN ) sont enregistr\u00e9s ou de Les personnes ayant &hellip; <\/p>\n<p class=\"link-more\"><a href=\"https:\/\/arthes.ch\/fr\/agrement-assurance-maladie\/\" class=\"more-link\">Continuer la lecture<span class=\"screen-reader-text\"> de &laquo;&nbsp;Agr\u00e9ment assurance maladie&nbsp;&raquo;<\/span><\/a><\/p>\n","protected":false},"author":98,"featured_media":0,"parent":0,"menu_order":0,"comment_status":"closed","ping_status":"closed","template":"","meta":{"footnotes":""},"class_list":["post-5350","page","type-page","status-publish","hentry"],"aioseo_notices":[],"jetpack_sharing_enabled":true,"_links":{"self":[{"href":"https:\/\/arthes.ch\/fr\/wp-json\/wp\/v2\/pages\/5350","targetHints":{"allow":["GET"]}}],"collection":[{"href":"https:\/\/arthes.ch\/fr\/wp-json\/wp\/v2\/pages"}],"about":[{"href":"https:\/\/arthes.ch\/fr\/wp-json\/wp\/v2\/types\/page"}],"author":[{"embeddable":true,"href":"https:\/\/arthes.ch\/fr\/wp-json\/wp\/v2\/users\/98"}],"replies":[{"embeddable":true,"href":"https:\/\/arthes.ch\/fr\/wp-json\/wp\/v2\/comments?post=5350"}],"version-history":[{"count":3,"href":"https:\/\/arthes.ch\/fr\/wp-json\/wp\/v2\/pages\/5350\/revisions"}],"predecessor-version":[{"id":5421,"href":"https:\/\/arthes.ch\/fr\/wp-json\/wp\/v2\/pages\/5350\/revisions\/5421"}],"wp:attachment":[{"href":"https:\/\/arthes.ch\/fr\/wp-json\/wp\/v2\/media?parent=5350"}],"curies":[{"name":"wp","href":"https:\/\/api.w.org\/{rel}","templated":true}]}}