{"id":5351,"date":"2021-11-23T00:18:06","date_gmt":"2021-11-22T23:18:06","guid":{"rendered":"https:\/\/arthes.ch\/corps-et-esprit-en-equilibre-manuela-liechti\/"},"modified":"2021-11-23T00:21:30","modified_gmt":"2021-11-22T23:21:30","slug":"corps-et-esprit-en-equilibre-manuela-liechti","status":"publish","type":"page","link":"https:\/\/arthes.ch\/fr\/corps-et-esprit-en-equilibre-manuela-liechti\/","title":{"rendered":"Corps et esprit en \u00e9quilibre &#8211; Manuela Liechti"},"content":{"rendered":"\n<div class=\"wp-block-media-text alignwide is-stacked-on-mobile\" style=\"grid-template-columns:40% auto\"><figure class=\"wp-block-media-text__media\"><img loading=\"lazy\" decoding=\"async\" width=\"1024\" height=\"683\" src=\"https:\/\/arthes.ch\/wp-content\/uploads\/2021\/08\/Manuela-Liechti-Portrait-1024x683.jpg\" alt=\"\" class=\"wp-image-5156 size-full\" srcset=\"https:\/\/arthes.ch\/wp-content\/uploads\/2021\/08\/Manuela-Liechti-Portrait-1024x683.jpg 1024w, https:\/\/arthes.ch\/wp-content\/uploads\/2021\/08\/Manuela-Liechti-Portrait-300x200.jpg 300w, https:\/\/arthes.ch\/wp-content\/uploads\/2021\/08\/Manuela-Liechti-Portrait-768x512.jpg 768w, https:\/\/arthes.ch\/wp-content\/uploads\/2021\/08\/Manuela-Liechti-Portrait-1536x1024.jpg 1536w, https:\/\/arthes.ch\/wp-content\/uploads\/2021\/08\/Manuela-Liechti-Portrait-2048x1365.jpg 2048w\" sizes=\"auto, (max-width: 767px) 89vw, (max-width: 1000px) 54vw, (max-width: 1071px) 543px, 580px\" \/><\/figure><div class=\"wp-block-media-text__content\">\n<p class=\"has-normal-font-size\"><strong>Dipl. Aromath\u00e9rapeute<\/strong> <strong>SfA<\/strong><br\/>Untere Hauptstrasse 12<br\/>3600 thon<br\/>T\u00e9l. 079 125 14 76<br\/><a href=\"mailto:manuela.liechti@live.com\" target=\"_blank\" rel=\"noreferrer noopener\">manuela.liechti@live.com<\/a><br\/><a href=\"https:\/\/www.manuelaliechti.com\/\" target=\"_blank\" rel=\"noreferrer noopener\">www.manuelaliechti.com<\/a><\/p>\n<\/div><\/div>\n\n<p>En tant qu&#8217;aromath\u00e9rapeute dipl\u00f4m\u00e9e SfA, je propose des consultations et des th\u00e9rapies aromatiques pour enfants et adultes dans mon propre cabinet.<br\/>Je prends le temps de vous \u00e9couter et nous \u00e9laborerons ensuite les bons produits et discuterons ensemble des options de traitement.<br\/>Afin de pouvoir transmettre mes connaissances sur la manipulation soigneuse et le bon dosage des huiles essentielles, j&#8217;anime \u00e9galement des ateliers passionnants.<\/p>\n\n<p>En plus de l&#8217;aromath\u00e9rapie, je suis form\u00e9e au massage classique. Cela me permet de vous offrir une relaxation holistique avec un massage. En plus de d\u00e9tendre les muscles, les massages peuvent \u00e9galement avoir un effet sur nos syst\u00e8mes immunitaire et hormonal. Apr\u00e8s un massage, nous nous sentons satisfaits, renforc\u00e9s et pr\u00e9par\u00e9s pour la vie quotidienne.<br\/><br\/><\/p>\n","protected":false},"excerpt":{"rendered":"<p>Dipl. Aromath\u00e9rapeute SfAUntere Hauptstrasse 123600 thonT\u00e9l. 079 125 14 76manuela.liechti@live.comwww.manuelaliechti.com En tant qu&#8217;aromath\u00e9rapeute dipl\u00f4m\u00e9e SfA, je propose des consultations et des th\u00e9rapies aromatiques pour enfants et adultes dans mon propre cabinet.Je prends le temps de vous \u00e9couter et nous \u00e9laborerons ensuite les bons produits et discuterons ensemble des options de traitement.Afin de pouvoir transmettre mes &hellip; <\/p>\n<p class=\"link-more\"><a href=\"https:\/\/arthes.ch\/fr\/corps-et-esprit-en-equilibre-manuela-liechti\/\" class=\"more-link\">Continuer la lecture<span class=\"screen-reader-text\"> de &laquo;&nbsp;Corps et esprit en \u00e9quilibre &#8211; Manuela Liechti&nbsp;&raquo;<\/span><\/a><\/p>\n","protected":false},"author":98,"featured_media":0,"parent":0,"menu_order":0,"comment_status":"closed","ping_status":"closed","template":"","meta":{"footnotes":""},"class_list":["post-5351","page","type-page","status-publish","hentry"],"aioseo_notices":[],"jetpack_sharing_enabled":true,"_links":{"self":[{"href":"https:\/\/arthes.ch\/fr\/wp-json\/wp\/v2\/pages\/5351","targetHints":{"allow":["GET"]}}],"collection":[{"href":"https:\/\/arthes.ch\/fr\/wp-json\/wp\/v2\/pages"}],"about":[{"href":"https:\/\/arthes.ch\/fr\/wp-json\/wp\/v2\/types\/page"}],"author":[{"embeddable":true,"href":"https:\/\/arthes.ch\/fr\/wp-json\/wp\/v2\/users\/98"}],"replies":[{"embeddable":true,"href":"https:\/\/arthes.ch\/fr\/wp-json\/wp\/v2\/comments?post=5351"}],"version-history":[{"count":6,"href":"https:\/\/arthes.ch\/fr\/wp-json\/wp\/v2\/pages\/5351\/revisions"}],"predecessor-version":[{"id":5375,"href":"https:\/\/arthes.ch\/fr\/wp-json\/wp\/v2\/pages\/5351\/revisions\/5375"}],"wp:attachment":[{"href":"https:\/\/arthes.ch\/fr\/wp-json\/wp\/v2\/media?parent=5351"}],"curies":[{"name":"wp","href":"https:\/\/api.w.org\/{rel}","templated":true}]}}