{"id":5355,"date":"2021-11-23T00:18:08","date_gmt":"2021-11-22T23:18:08","guid":{"rendered":"https:\/\/arthes.ch\/huiles-essentielles-et-homeopathie\/"},"modified":"2021-11-23T00:21:49","modified_gmt":"2021-11-22T23:21:49","slug":"huiles-essentielles-et-homeopathie","status":"publish","type":"page","link":"https:\/\/arthes.ch\/fr\/huiles-essentielles-et-homeopathie\/","title":{"rendered":"Huiles essentielles et hom\u00e9opathie"},"content":{"rendered":"\n<h1 class=\"has-medium-font-size wp-block-heading\"><strong>Peut-on utiliser des huiles essentielles en m\u00eame temps dans un traitement hom\u00e9opathique ?<\/strong> <\/h1>\n\n<p class=\"has-normal-font-size\">Lorsqu&#8217;une personne, qu&#8217;elle soit humaine ou animale, suit un traitement hom\u00e9opathique, la question se pose souvent de savoir si les huiles essentielles peuvent \u00eatre utilis\u00e9es. Le menthol (issu de la menthe poivr\u00e9e par exemple) et le camphre doivent \u00eatre mentionn\u00e9s en particulier. <\/p>\n\n<p class=\"has-normal-font-size\">Eliane Zimmermann a d\u00e9j\u00e0 d\u00e9crit l&#8217;application combin\u00e9e dans son blog <a href=\"https:\/\/aromapraxis.de\/aroma-schule\/aetherische-oele\/anwendung-aetherische-oele\/homoeopathie\/\" target=\"_blank\" rel=\"noreferrer noopener\">ici<\/a> et <a href=\"https:\/\/aromapraxis.de\/2011\/01\/11\/homoopathie-und-atherische-ole\/\" target=\"_blank\" rel=\"noreferrer noopener\">ici<\/a> . Comme il y a toujours des incertitudes, nous avons demand\u00e9 \u00e0 un sp\u00e9cialiste.<\/p>\n\n<p class=\"has-normal-font-size\">Fabienne Gigandet nous raconte son exp\u00e9rience :<\/p>\n\n<div class=\"wp-block-media-text alignwide is-stacked-on-mobile has-luminous-vivid-amber-background-color has-background\" style=\"grid-template-columns:28% auto\"><figure class=\"wp-block-media-text__media\"><img loading=\"lazy\" decoding=\"async\" width=\"802\" height=\"940\" src=\"https:\/\/arthes.ch\/wp-content\/uploads\/2021\/08\/Bildschirmfoto-2021-08-30-um-20.50.19.png\" alt=\"\" class=\"wp-image-5178 size-full\" srcset=\"https:\/\/arthes.ch\/wp-content\/uploads\/2021\/08\/Bildschirmfoto-2021-08-30-um-20.50.19.png 802w, https:\/\/arthes.ch\/wp-content\/uploads\/2021\/08\/Bildschirmfoto-2021-08-30-um-20.50.19-256x300.png 256w, https:\/\/arthes.ch\/wp-content\/uploads\/2021\/08\/Bildschirmfoto-2021-08-30-um-20.50.19-768x900.png 768w\" sizes=\"auto, (max-width: 767px) 89vw, (max-width: 1000px) 54vw, (max-width: 1071px) 543px, 580px\" \/><\/figure><div class=\"wp-block-media-text__content\">\n<p class=\"has-normal-font-size\">Fabienne Gigandet est dipl\u00f4m\u00e9e Hom\u00e9opathe, auteur de &#8220;L&#8217;hom\u00e9opathie pour les enfants&#8221; et &#8220;L&#8217;hom\u00e9opathie pour toute la famille&#8221;. Chaque pharmacien la conna\u00eet, entre autres en tant que conf\u00e9renci\u00e8re sp\u00e9cialis\u00e9e appr\u00e9ci\u00e9e \u00e0 l&#8217;ESD &#8211; Universit\u00e9 des sciences appliqu\u00e9es pour les pharmaciens. De plus, elle est Vice-Pr\u00e9sidente d&#8217; <a href=\"http:\/\/www.homoeopathie-schweiz.org\" target=\"_blank\" rel=\"noreferrer noopener\">Hom\u00e9opathie Suisse<\/a> et Vice-Pr\u00e9sidente de l&#8217; <a href=\"http:\/\/www.efhpa.eu\" target=\"_blank\" rel=\"noreferrer noopener\">EFHPA<\/a> . <a href=\"https:\/\/homoeopathie-gigandet.ch\/ueber-mich\/\" target=\"_blank\" rel=\"noreferrer noopener\">Vous pouvez trouver plus d&#8217;informations sur leur site Web (ici).<\/a><\/p>\n<\/div><\/div>\n\n<p class=\"has-normal-font-size\">L&#8217;hom\u00e9opathie a \u00e9t\u00e9 fond\u00e9e dans les ann\u00e9es 1790 par le Dr. Samuel Hahnemann. Pr\u00e9senter cette th\u00e9rapie plus en d\u00e9tail \u00e0 ce stade d\u00e9passerait le cadre. En bref : en hom\u00e9opathie, \u00e0 l&#8217;aide de substances dilu\u00e9es et potentialis\u00e9es, les pouvoirs d&#8217;auto-gu\u00e9rison sont stimul\u00e9s au moyen des stimuli les plus fins. Hahnemann a toujours attach\u00e9 une grande importance au fait que ses clients \u00e9vitent les facteurs \u00ab\u00a0alt\u00e9rant la sant\u00e9\u00a0\u00bb. Dans son grand ouvrage &#8220;Organon der Heilkunst&#8221;, 6e \u00e9dition, qui traite de la mani\u00e8re dont l&#8217;hom\u00e9opathie est utilis\u00e9e, il \u00e9crit au paragraphe \u00a7260 :<\/p>\n\n<p class=\"has-normal-font-size\"><em>&#8220;Pour les malades chroniques, il est donc d&#8217;autant plus n\u00e9cessaire de rechercher de tels obstacles \u00e0 la gu\u00e9rison, que leur maladie a g\u00e9n\u00e9ralement \u00e9t\u00e9 aggrav\u00e9e par de tels effets n\u00e9fastes et autres erreurs pathologiques, souvent m\u00e9connues, dans le mode de vie.&#8221;<\/em><\/p>\n\n<p class=\"has-normal-font-size\">\u00c0 cette fin, Hahnemann a publi\u00e9 des \u00ab listes d&#8217;interdictions \u00bb enti\u00e8res dans lesquelles il \u00e9tait demand\u00e9 aux clients d&#8217;\u00e9viter le caf\u00e9, le th\u00e9, les parfums, les plats \u00e9pic\u00e9s, les herbes \u00ab m\u00e9dicinales \u00bb crues, les boissons alcoolis\u00e9es, etc. En outre, il a \u00e9t\u00e9 suppos\u00e9 que les substances particuli\u00e8rement odorantes peuvent influencer n\u00e9gativement les effets th\u00e9rapeutiques des m\u00e9dicaments hom\u00e9opathiques. Dans ce cas on parle d&#8217;antidote. Un antidote (du grec <em>\u03b1\u03bd\u03c4\u03af\u03b4\u03bf\u03c4\u03bf\u03bd<\/em> , de \u03b1\u03bd\u03c4\u03af = contre et \u03b4\u03af\u03b4\u03c9\u03bc\u03b9 = donner) est un antidote (mat\u00e9riel) aux poisons, toxines, m\u00e9dicaments ou autres substances qui affectent un organisme. En hom\u00e9opathie, cela est utilis\u00e9 pour d\u00e9crire ce qui peut perturber ou emp\u00eacher compl\u00e8tement le rem\u00e8de hom\u00e9opathique. Le camphre est un antidote g\u00e9n\u00e9ral en hom\u00e9opathie, et le caf\u00e9 et le menthol ou la menthe poivr\u00e9e sont \u00e9galement largement utilis\u00e9s. Ce sont les r\u00e9sultats de l&#8217;approche de Hahnemann \u00e0 l&#8217;\u00e9poque. <\/p>\n\n<div class=\"wp-block-media-text alignwide is-stacked-on-mobile\" style=\"grid-template-columns:29% auto\"><figure class=\"wp-block-media-text__media\"><img loading=\"lazy\" decoding=\"async\" width=\"1024\" height=\"768\" src=\"https:\/\/arthes.ch\/wp-content\/uploads\/2021\/08\/globules-1574436_1920-1024x768.jpg\" alt=\"\" class=\"wp-image-5180 size-full\" srcset=\"https:\/\/arthes.ch\/wp-content\/uploads\/2021\/08\/globules-1574436_1920-1024x768.jpg 1024w, https:\/\/arthes.ch\/wp-content\/uploads\/2021\/08\/globules-1574436_1920-300x225.jpg 300w, https:\/\/arthes.ch\/wp-content\/uploads\/2021\/08\/globules-1574436_1920-768x576.jpg 768w, https:\/\/arthes.ch\/wp-content\/uploads\/2021\/08\/globules-1574436_1920-1536x1152.jpg 1536w, https:\/\/arthes.ch\/wp-content\/uploads\/2021\/08\/globules-1574436_1920.jpg 1920w\" sizes=\"auto, (max-width: 767px) 89vw, (max-width: 1000px) 54vw, (max-width: 1071px) 543px, 580px\" \/><\/figure><div class=\"wp-block-media-text__content\">\n<p class=\"has-normal-font-size\"><strong>Au fil des ans, de plus en plus d&#8217;exp\u00e9rience a \u00e9t\u00e9 acquise, de sorte qu&#8217;il est maintenant assez bien connu quel rem\u00e8de hom\u00e9opathique r\u00e9agit r\u00e9ellement &#8220;n\u00e9gativement&#8221; \u00e0 quelles autres substances. <\/strong><\/p>\n<\/div><\/div>\n\n<p class=\"has-normal-font-size\"><strong>Et dans tr\u00e8s peu de cas aujourd&#8217;hui, les huiles essentielles sont r\u00e9pertori\u00e9es dans les antidotes moyens. Cela m&#8217;incite, moi et mes coll\u00e8gues, \u00e0 utiliser des huiles essentielles en compl\u00e9ment de la th\u00e9rapie hom\u00e9opathique. <\/strong><\/p>\n\n<p class=\"has-normal-font-size\">Les enfants en particulier r\u00e9agissent extr\u00eamement bien \u00e0 la combinaison th\u00e9rapeutique, que ce soit en cas de rhume, o\u00f9 les ch\u00fcgeli montrent en interne leurs pouvoirs d&#8217;auto-gu\u00e9rison et, par exemple, l&#8217;huile de thym est utilis\u00e9e en externe sous forme d&#8217;inhalation, de tampons ou de parfums d&#8217;ambiance ou lorsque le petit ceux-ci sont en proie \u00e0 des douleurs abdominales pour diverses raisons. Les coliques abdominales peuvent se d\u00e9tendre avec de l&#8217;huile de lavande, d&#8217;orange douce ou de fenouil, les maux de ventre dus au besoin accru d&#8217;affection sont facilit\u00e9s par l&#8217;odeur de la f\u00e8ve tonka. Et surtout dans ce dernier cas, il devient clair que l&#8217;application en elle-m\u00eame peut d\u00e9placer des montagnes : le massage abdominal d&#8217;un proche est deux fois plus efficace ! Depuis Sigmund Freud au plus tard, on sait que le contact intime avec la peau au cours des premi\u00e8res semaines de la vie d&#8217;un b\u00e9b\u00e9 joue un r\u00f4le tr\u00e8s important dans le d\u00e9veloppement ult\u00e9rieur de la psych\u00e9. <\/p>\n\n<p class=\"has-normal-font-size\">Comme dit le proverbe : celui qui gu\u00e9rit a raison. Et je n&#8217;ai jamais trouv\u00e9 que l&#8217;hom\u00e9opathie tout en utilisant des huiles essentielles ne fonctionnait pas en m\u00eame temps.<\/p>\n\n<p>Texte \u00e9crit par Fabienne Gigandet, dipl. Hom\u00e9opathe<br\/><a href=\"http:\/\/www.homoeopathie-gigandet.ch\/\">www.homoeopathie-gigandet.ch<\/a><\/p>\n","protected":false},"excerpt":{"rendered":"<p>Peut-on utiliser des huiles essentielles en m\u00eame temps dans un traitement hom\u00e9opathique ? Lorsqu&#8217;une personne, qu&#8217;elle soit humaine ou animale, suit un traitement hom\u00e9opathique, la question se pose souvent de savoir si les huiles essentielles peuvent \u00eatre utilis\u00e9es. Le menthol (issu de la menthe poivr\u00e9e par exemple) et le camphre doivent \u00eatre mentionn\u00e9s en particulier. &hellip; <\/p>\n<p class=\"link-more\"><a href=\"https:\/\/arthes.ch\/fr\/huiles-essentielles-et-homeopathie\/\" class=\"more-link\">Continuer la lecture<span class=\"screen-reader-text\"> de &laquo;&nbsp;Huiles essentielles et hom\u00e9opathie&nbsp;&raquo;<\/span><\/a><\/p>\n","protected":false},"author":5,"featured_media":0,"parent":0,"menu_order":0,"comment_status":"closed","ping_status":"closed","template":"","meta":{"footnotes":""},"class_list":["post-5355","page","type-page","status-publish","hentry"],"aioseo_notices":[],"jetpack_sharing_enabled":true,"_links":{"self":[{"href":"https:\/\/arthes.ch\/fr\/wp-json\/wp\/v2\/pages\/5355","targetHints":{"allow":["GET"]}}],"collection":[{"href":"https:\/\/arthes.ch\/fr\/wp-json\/wp\/v2\/pages"}],"about":[{"href":"https:\/\/arthes.ch\/fr\/wp-json\/wp\/v2\/types\/page"}],"author":[{"embeddable":true,"href":"https:\/\/arthes.ch\/fr\/wp-json\/wp\/v2\/users\/5"}],"replies":[{"embeddable":true,"href":"https:\/\/arthes.ch\/fr\/wp-json\/wp\/v2\/comments?post=5355"}],"version-history":[{"count":2,"href":"https:\/\/arthes.ch\/fr\/wp-json\/wp\/v2\/pages\/5355\/revisions"}],"predecessor-version":[{"id":5418,"href":"https:\/\/arthes.ch\/fr\/wp-json\/wp\/v2\/pages\/5355\/revisions\/5418"}],"wp:attachment":[{"href":"https:\/\/arthes.ch\/fr\/wp-json\/wp\/v2\/media?parent=5355"}],"curies":[{"name":"wp","href":"https:\/\/api.w.org\/{rel}","templated":true}]}}