{"id":5360,"date":"2021-11-23T00:18:11","date_gmt":"2021-11-22T23:18:11","guid":{"rendered":"https:\/\/arthes.ch\/oeuvres-parfumees-mirjam-fischer\/"},"modified":"2021-11-23T00:21:43","modified_gmt":"2021-11-22T23:21:43","slug":"oeuvres-parfumees-mirjam-fischer","status":"publish","type":"page","link":"https:\/\/arthes.ch\/fr\/oeuvres-parfumees-mirjam-fischer\/","title":{"rendered":"Oeuvres parfum\u00e9es &#8211; Mirjam Fischer"},"content":{"rendered":"\n<div class=\"wp-block-media-text alignwide is-stacked-on-mobile\" style=\"grid-template-columns:40% auto\"><figure class=\"wp-block-media-text__media\"><img loading=\"lazy\" decoding=\"async\" width=\"1000\" height=\"667\" src=\"https:\/\/arthes.ch\/wp-content\/uploads\/2021\/08\/Mirjam-Fischer-Portrait-Klein.jpg\" alt=\"\" class=\"wp-image-5162 size-full\" srcset=\"https:\/\/arthes.ch\/wp-content\/uploads\/2021\/08\/Mirjam-Fischer-Portrait-Klein.jpg 1000w, https:\/\/arthes.ch\/wp-content\/uploads\/2021\/08\/Mirjam-Fischer-Portrait-Klein-300x200.jpg 300w, https:\/\/arthes.ch\/wp-content\/uploads\/2021\/08\/Mirjam-Fischer-Portrait-Klein-768x512.jpg 768w\" sizes=\"auto, (max-width: 767px) 89vw, (max-width: 1000px) 54vw, (max-width: 1071px) 543px, 580px\" \/><\/figure><div class=\"wp-block-media-text__content\">\n<p class=\"has-normal-font-size\"><strong>Dipl. Aromath\u00e9rapeute<\/strong><br\/><strong>Dipl. Infirmi\u00e8re ar\u00f4me<\/strong><br\/>Bethl\u00e9em 3<br\/>6234 Kulmerau<br\/>T\u00e9l. 079 359 04 09<br\/><a href=\"mailto:info@duftwerke.ch\" target=\"_blank\" rel=\"noreferrer noopener\">info@duftwerke.ch<\/a><br\/><a href=\"https:\/\/www.duftwerke.ch\/\" target=\"_blank\" rel=\"noreferrer noopener\">www.duftwerke.ch<\/a><\/p>\n<\/div><\/div>\n\n<p>Je vous propose des consultations et des soins individuels dans les domaines suivants :<br\/>&#8211; aromath\u00e9rapie et soins<br\/>&#8211; Massages th\u00e9rapeutiques<br\/>&#8211; Fleurs de Bach et phytoth\u00e9rapie<br\/><br\/><\/p>\n","protected":false},"excerpt":{"rendered":"<p>Dipl. Aromath\u00e9rapeuteDipl. Infirmi\u00e8re ar\u00f4meBethl\u00e9em 36234 KulmerauT\u00e9l. 079 359 04 09info@duftwerke.chwww.duftwerke.ch Je vous propose des consultations et des soins individuels dans les domaines suivants :&#8211; aromath\u00e9rapie et soins&#8211; Massages th\u00e9rapeutiques&#8211; Fleurs de Bach et phytoth\u00e9rapie<\/p>\n","protected":false},"author":98,"featured_media":0,"parent":0,"menu_order":0,"comment_status":"closed","ping_status":"closed","template":"","meta":{"footnotes":""},"class_list":["post-5360","page","type-page","status-publish","hentry"],"aioseo_notices":[],"jetpack_sharing_enabled":true,"_links":{"self":[{"href":"https:\/\/arthes.ch\/fr\/wp-json\/wp\/v2\/pages\/5360","targetHints":{"allow":["GET"]}}],"collection":[{"href":"https:\/\/arthes.ch\/fr\/wp-json\/wp\/v2\/pages"}],"about":[{"href":"https:\/\/arthes.ch\/fr\/wp-json\/wp\/v2\/types\/page"}],"author":[{"embeddable":true,"href":"https:\/\/arthes.ch\/fr\/wp-json\/wp\/v2\/users\/98"}],"replies":[{"embeddable":true,"href":"https:\/\/arthes.ch\/fr\/wp-json\/wp\/v2\/comments?post=5360"}],"version-history":[{"count":3,"href":"https:\/\/arthes.ch\/fr\/wp-json\/wp\/v2\/pages\/5360\/revisions"}],"predecessor-version":[{"id":5390,"href":"https:\/\/arthes.ch\/fr\/wp-json\/wp\/v2\/pages\/5360\/revisions\/5390"}],"wp:attachment":[{"href":"https:\/\/arthes.ch\/fr\/wp-json\/wp\/v2\/media?parent=5360"}],"curies":[{"name":"wp","href":"https:\/\/api.w.org\/{rel}","templated":true}]}}