{"id":5362,"date":"2021-11-23T00:18:12","date_gmt":"2021-11-22T23:18:12","guid":{"rendered":"https:\/\/arthes.ch\/cabinet-urmi-natur-pour-femmes-et-enfants-michele-meier\/"},"modified":"2021-11-23T00:21:44","modified_gmt":"2021-11-22T23:21:44","slug":"cabinet-urmi-natur-pour-femmes-et-enfants-michele-meier","status":"publish","type":"page","link":"https:\/\/arthes.ch\/fr\/cabinet-urmi-natur-pour-femmes-et-enfants-michele-meier\/","title":{"rendered":"Cabinet URMI-Natur pour femmes et enfants &#8211; Mich\u00e8le Meier"},"content":{"rendered":"\n<div class=\"wp-block-media-text alignwide is-stacked-on-mobile\" style=\"grid-template-columns:40% auto\"><figure class=\"wp-block-media-text__media\"><img loading=\"lazy\" decoding=\"async\" width=\"1000\" height=\"667\" src=\"https:\/\/arthes.ch\/wp-content\/uploads\/2021\/08\/Michele-Meier-Portrait-Klein.jpg\" alt=\"\" class=\"wp-image-5160 size-full\" srcset=\"https:\/\/arthes.ch\/wp-content\/uploads\/2021\/08\/Michele-Meier-Portrait-Klein.jpg 1000w, https:\/\/arthes.ch\/wp-content\/uploads\/2021\/08\/Michele-Meier-Portrait-Klein-300x200.jpg 300w, https:\/\/arthes.ch\/wp-content\/uploads\/2021\/08\/Michele-Meier-Portrait-Klein-768x512.jpg 768w\" sizes=\"auto, (max-width: 767px) 89vw, (max-width: 1000px) 54vw, (max-width: 1071px) 543px, 580px\" \/><\/figure><div class=\"wp-block-media-text__content\">\n<p class=\"has-normal-font-size\"><strong>Dipl. Aromath\u00e9rapeute<\/strong><br\/>c\/o atelier piano \u00e0 queue<br\/>Obstgartenstrasse 19<br\/>8910 Affoltern am Albis<br\/><br\/>Agr\u00e9ment assurance maladie : d\u00e9cision ouverte<\/p>\n<\/div><\/div>\n\n<p>La pratique de sant\u00e9 de la m\u00e8re et de l&#8217;enfant signifie l&#8217;accompagnement de l&#8217;enfant avant sa naissance jusqu&#8217;\u00e0 la femme \u00e2g\u00e9e. <\/p>\n","protected":false},"excerpt":{"rendered":"<p>Dipl. Aromath\u00e9rapeutec\/o atelier piano \u00e0 queueObstgartenstrasse 198910 Affoltern am Albis Agr\u00e9ment assurance maladie : d\u00e9cision ouverte La pratique de sant\u00e9 de la m\u00e8re et de l&#8217;enfant signifie l&#8217;accompagnement de l&#8217;enfant avant sa naissance jusqu&#8217;\u00e0 la femme \u00e2g\u00e9e.<\/p>\n","protected":false},"author":98,"featured_media":0,"parent":0,"menu_order":0,"comment_status":"closed","ping_status":"closed","template":"","meta":{"footnotes":""},"class_list":["post-5362","page","type-page","status-publish","hentry"],"aioseo_notices":[],"jetpack_sharing_enabled":true,"_links":{"self":[{"href":"https:\/\/arthes.ch\/fr\/wp-json\/wp\/v2\/pages\/5362","targetHints":{"allow":["GET"]}}],"collection":[{"href":"https:\/\/arthes.ch\/fr\/wp-json\/wp\/v2\/pages"}],"about":[{"href":"https:\/\/arthes.ch\/fr\/wp-json\/wp\/v2\/types\/page"}],"author":[{"embeddable":true,"href":"https:\/\/arthes.ch\/fr\/wp-json\/wp\/v2\/users\/98"}],"replies":[{"embeddable":true,"href":"https:\/\/arthes.ch\/fr\/wp-json\/wp\/v2\/comments?post=5362"}],"version-history":[{"count":3,"href":"https:\/\/arthes.ch\/fr\/wp-json\/wp\/v2\/pages\/5362\/revisions"}],"predecessor-version":[{"id":5377,"href":"https:\/\/arthes.ch\/fr\/wp-json\/wp\/v2\/pages\/5362\/revisions\/5377"}],"wp:attachment":[{"href":"https:\/\/arthes.ch\/fr\/wp-json\/wp\/v2\/media?parent=5362"}],"curies":[{"name":"wp","href":"https:\/\/api.w.org\/{rel}","templated":true}]}}