{"id":5366,"date":"2021-11-23T00:18:15","date_gmt":"2021-11-22T23:18:15","guid":{"rendered":"https:\/\/arthes.ch\/parfums-franziska-pfyl\/"},"modified":"2021-11-23T00:21:39","modified_gmt":"2021-11-22T23:21:39","slug":"parfums-franziska-pfyl","status":"publish","type":"page","link":"https:\/\/arthes.ch\/fr\/parfums-franziska-pfyl\/","title":{"rendered":"Parfums &#8211; Franziska Pfyl"},"content":{"rendered":"\n<div class=\"wp-block-media-text alignwide is-stacked-on-mobile\" style=\"grid-template-columns:47% auto\"><figure class=\"wp-block-media-text__media\"><img loading=\"lazy\" decoding=\"async\" width=\"320\" height=\"213\" src=\"https:\/\/arthes.ch\/wp-content\/uploads\/2021\/11\/Foto-von-Franziska-1.jpg\" alt=\"\" class=\"wp-image-5338 size-full\" srcset=\"https:\/\/arthes.ch\/wp-content\/uploads\/2021\/11\/Foto-von-Franziska-1.jpg 320w, https:\/\/arthes.ch\/wp-content\/uploads\/2021\/11\/Foto-von-Franziska-1-300x200.jpg 300w\" sizes=\"auto, (max-width: 320px) 100vw, 320px\" \/><\/figure><div class=\"wp-block-media-text__content\">\n<p class=\"has-normal-font-size\"><strong>Dipl. Sp\u00e9cialiste des ar\u00f4mes<\/strong><br\/><br\/>Fragrance Worlds GmbH<br\/>Rue du Sonnen 10<br\/>8604 Kindhausen<br\/>T\u00e9l. 079 231 19 71<br\/><a href=\"mailto:franziska.pfyl@gmail.com\" target=\"_blank\" rel=\"noreferrer noopener\">franziska.pfyl@gmail.com<\/a><br\/>www.duftwelten.swiss<\/p>\n<\/div><\/div>\n\n<p>Je suis tr\u00e8s enthousiaste \u00e0 l&#8217;\u00e9gard de l&#8217;application et de l&#8217;utilisation des huiles essentielles et j&#8217;ai donc d\u00e9cid\u00e9 en 2015 de cr\u00e9er ma propre entreprise : Duftwelten GmbH.<br\/>J&#8217;ai h\u00e2te de vous montrer les nombreuses utilisations possibles des huiles essentielles et d&#8217;enrichir votre quotidien de parfums.<br\/><br\/>De plus, j&#8217;ai pu conseiller et soutenir des personnes dans diverses situations de vie dans ma carri\u00e8re professionnelle jusqu&#8217;\u00e0 pr\u00e9sent. J&#8217;ai acquis mes comp\u00e9tences de coaching \u00e0 cet \u00e9gard en suivant des formations chez Solutionsufers et \u00e0 travers de nombreuses exp\u00e9riences pratiques.<br\/><br\/>L&#8217;un des services propos\u00e9s par Fragrance Worlds est donc le &#8220;Fragrance Coaching at Fragrance Worlds&#8221;. Une combinaison unique de coaching et d&#8217;huiles essentielles. Laissez-vous surprendre.<\/p>\n","protected":false},"excerpt":{"rendered":"<p>Dipl. Sp\u00e9cialiste des ar\u00f4mes Fragrance Worlds GmbHRue du Sonnen 108604 KindhausenT\u00e9l. 079 231 19 71franziska.pfyl@gmail.comwww.duftwelten.swiss Je suis tr\u00e8s enthousiaste \u00e0 l&#8217;\u00e9gard de l&#8217;application et de l&#8217;utilisation des huiles essentielles et j&#8217;ai donc d\u00e9cid\u00e9 en 2015 de cr\u00e9er ma propre entreprise : Duftwelten GmbH.J&#8217;ai h\u00e2te de vous montrer les nombreuses utilisations possibles des huiles essentielles et &hellip; <\/p>\n<p class=\"link-more\"><a href=\"https:\/\/arthes.ch\/fr\/parfums-franziska-pfyl\/\" class=\"more-link\">Continuer la lecture<span class=\"screen-reader-text\"> de &laquo;&nbsp;Parfums &#8211; Franziska Pfyl&nbsp;&raquo;<\/span><\/a><\/p>\n","protected":false},"author":98,"featured_media":0,"parent":0,"menu_order":0,"comment_status":"closed","ping_status":"closed","template":"","meta":{"footnotes":""},"class_list":["post-5366","page","type-page","status-publish","hentry"],"aioseo_notices":[],"jetpack_sharing_enabled":true,"_links":{"self":[{"href":"https:\/\/arthes.ch\/fr\/wp-json\/wp\/v2\/pages\/5366","targetHints":{"allow":["GET"]}}],"collection":[{"href":"https:\/\/arthes.ch\/fr\/wp-json\/wp\/v2\/pages"}],"about":[{"href":"https:\/\/arthes.ch\/fr\/wp-json\/wp\/v2\/types\/page"}],"author":[{"embeddable":true,"href":"https:\/\/arthes.ch\/fr\/wp-json\/wp\/v2\/users\/98"}],"replies":[{"embeddable":true,"href":"https:\/\/arthes.ch\/fr\/wp-json\/wp\/v2\/comments?post=5366"}],"version-history":[{"count":5,"href":"https:\/\/arthes.ch\/fr\/wp-json\/wp\/v2\/pages\/5366\/revisions"}],"predecessor-version":[{"id":5397,"href":"https:\/\/arthes.ch\/fr\/wp-json\/wp\/v2\/pages\/5366\/revisions\/5397"}],"wp:attachment":[{"href":"https:\/\/arthes.ch\/fr\/wp-json\/wp\/v2\/media?parent=5366"}],"curies":[{"name":"wp","href":"https:\/\/api.w.org\/{rel}","templated":true}]}}