{"id":5368,"date":"2021-11-23T00:18:15","date_gmt":"2021-11-22T23:18:15","guid":{"rendered":"https:\/\/arthes.ch\/praticiens\/"},"modified":"2021-11-23T00:21:44","modified_gmt":"2021-11-22T23:21:44","slug":"praticiens","status":"publish","type":"page","link":"https:\/\/arthes.ch\/fr\/praticiens\/","title":{"rendered":"Praticiens"},"content":{"rendered":"\n<p>Les experts en ar\u00f4mes, th\u00e9rapeutes et soignants r\u00e9pertori\u00e9s ici ont suivi au moins 100 heures de formation avec un examen final.<\/p>\n\n<h1 class=\"wp-block-heading\"><strong>BE &#8211; Berne<\/strong><\/h1>\n\n<div class=\"wp-block-media-text alignwide is-stacked-on-mobile\" style=\"grid-template-columns:20% auto\"><figure class=\"wp-block-media-text__media\"><img loading=\"lazy\" decoding=\"async\" width=\"1024\" height=\"1008\" src=\"https:\/\/arthes.ch\/wp-content\/uploads\/2021\/09\/Logo-Verlauf-transp-png-1024x1008.png\" alt=\"\" class=\"wp-image-5284 size-full\" srcset=\"https:\/\/arthes.ch\/wp-content\/uploads\/2021\/09\/Logo-Verlauf-transp-png-1024x1008.png 1024w, https:\/\/arthes.ch\/wp-content\/uploads\/2021\/09\/Logo-Verlauf-transp-png-300x295.png 300w, https:\/\/arthes.ch\/wp-content\/uploads\/2021\/09\/Logo-Verlauf-transp-png-768x756.png 768w, https:\/\/arthes.ch\/wp-content\/uploads\/2021\/09\/Logo-Verlauf-transp-png-1536x1512.png 1536w, https:\/\/arthes.ch\/wp-content\/uploads\/2021\/09\/Logo-Verlauf-transp-png-2048x2015.png 2048w\" sizes=\"auto, (max-width: 767px) 89vw, (max-width: 1000px) 54vw, (max-width: 1071px) 543px, 580px\" \/><\/figure><div class=\"wp-block-media-text__content\">\n<p class=\"has-normal-font-size\"><strong>Corps et esprit en \u00e9quilibre<br\/><a href=\"https:\/\/arthes.ch\/fr\/corps-et-esprit-en-equilibre-manuela-liechti\/\" target=\"_blank\" rel=\"noreferrer noopener\">Manuela Liechti<\/a><\/strong><br\/>BE &#8211; 3600 Thoune <\/p>\n<\/div><\/div>\n\n<hr class=\"wp-block-separator\" \/>\n\n<div class=\"wp-block-media-text alignwide is-stacked-on-mobile\" style=\"grid-template-columns:20% auto\"><figure class=\"wp-block-media-text__media\"><img loading=\"lazy\" decoding=\"async\" width=\"1024\" height=\"1024\" src=\"https:\/\/arthes.ch\/wp-content\/uploads\/2021\/09\/platzhalter-Logo-1024x1024.png\" alt=\"\" class=\"wp-image-5224 size-full\" srcset=\"https:\/\/arthes.ch\/wp-content\/uploads\/2021\/09\/platzhalter-Logo-1024x1024.png 1024w, https:\/\/arthes.ch\/wp-content\/uploads\/2021\/09\/platzhalter-Logo-300x300.png 300w, https:\/\/arthes.ch\/wp-content\/uploads\/2021\/09\/platzhalter-Logo-150x150.png 150w, https:\/\/arthes.ch\/wp-content\/uploads\/2021\/09\/platzhalter-Logo-768x768.png 768w, https:\/\/arthes.ch\/wp-content\/uploads\/2021\/09\/platzhalter-Logo-100x100.png 100w, https:\/\/arthes.ch\/wp-content\/uploads\/2021\/09\/platzhalter-Logo.png 1280w\" sizes=\"auto, (max-width: 767px) 89vw, (max-width: 1000px) 54vw, (max-width: 1071px) 543px, 580px\" \/><\/figure><div class=\"wp-block-media-text__content\">\n<p class=\"has-normal-font-size\"><strong><a href=\"https:\/\/arthes.ch\/fr\/sereina-binggeli\/\" target=\"_blank\" rel=\"noreferrer noopener\">Sereina Binggeli<\/a><\/strong><br\/>BE &#8211; 3072 Osstermundigen<br\/>Des \u00e9tuis \u00e0 parfum mobiles pour les humains et les animaux<br\/>Zoopharmacognosie appliqu\u00e9e (aromath\u00e9rapie animale)<\/p>\n<\/div><\/div>\n\n<h1 class=\"wp-block-heading\"><strong>LU &#8211; Lucerne<\/strong><\/h1>\n\n<div class=\"wp-block-media-text alignwide is-stacked-on-mobile\" style=\"grid-template-columns:20% auto\"><figure class=\"wp-block-media-text__media\"><img loading=\"lazy\" decoding=\"async\" width=\"1024\" height=\"439\" src=\"https:\/\/arthes.ch\/wp-content\/uploads\/2021\/09\/Logo_300ppi-1024x439.png\" alt=\"\" class=\"wp-image-5282 size-full\" srcset=\"https:\/\/arthes.ch\/wp-content\/uploads\/2021\/09\/Logo_300ppi-1024x439.png 1024w, https:\/\/arthes.ch\/wp-content\/uploads\/2021\/09\/Logo_300ppi-300x129.png 300w, https:\/\/arthes.ch\/wp-content\/uploads\/2021\/09\/Logo_300ppi-768x330.png 768w, https:\/\/arthes.ch\/wp-content\/uploads\/2021\/09\/Logo_300ppi-1536x659.png 1536w, https:\/\/arthes.ch\/wp-content\/uploads\/2021\/09\/Logo_300ppi-2048x879.png 2048w\" sizes=\"auto, (max-width: 767px) 89vw, (max-width: 1000px) 54vw, (max-width: 1071px) 543px, 580px\" \/><\/figure><div class=\"wp-block-media-text__content\">\n<p class=\"has-normal-font-size\"><strong>Oeuvres parfum\u00e9es<br\/><a href=\"https:\/\/arthes.ch\/fr\/oeuvres-parfumees-mirjam-fischer\/\" target=\"_blank\" rel=\"noreferrer noopener\">Mirjam Fischer<\/a><\/strong><br\/>LU &#8211; 6234 Kulmerau <\/p>\n<\/div><\/div>\n\n<h1 class=\"wp-block-heading\"><strong>ZH &#8211; Zurich<\/strong><\/h1>\n\n<div class=\"wp-block-media-text alignwide is-stacked-on-mobile\" style=\"grid-template-columns:20% auto\"><figure class=\"wp-block-media-text__media\"><img loading=\"lazy\" decoding=\"async\" width=\"641\" height=\"259\" src=\"https:\/\/arthes.ch\/wp-content\/uploads\/2021\/11\/Logo_Duftwelten_mit-Rauch.png\" alt=\"\" class=\"wp-image-5336 size-full\" srcset=\"https:\/\/arthes.ch\/wp-content\/uploads\/2021\/11\/Logo_Duftwelten_mit-Rauch.png 641w, https:\/\/arthes.ch\/wp-content\/uploads\/2021\/11\/Logo_Duftwelten_mit-Rauch-300x121.png 300w\" sizes=\"auto, (max-width: 641px) 100vw, 641px\" \/><\/figure><div class=\"wp-block-media-text__content\">\n<p class=\"has-normal-font-size\"><strong>Parfums<\/strong><br\/><a href=\"https:\/\/arthes.ch\/fr\/parfums-franziska-pfyl\/\">Franziska Pfyl<\/a><br\/> ZH &#8211; 8604 Kindhausen<\/p>\n<\/div><\/div>\n\n<div class=\"wp-block-media-text alignwide is-stacked-on-mobile\" style=\"grid-template-columns:20% auto\"><figure class=\"wp-block-media-text__media\"><img loading=\"lazy\" decoding=\"async\" width=\"972\" height=\"1024\" src=\"https:\/\/arthes.ch\/wp-content\/uploads\/2021\/10\/UrmiNatur_Logo_Praxis_FrauKind_VB-pfad-01-972x1024.jpg\" alt=\"\" class=\"wp-image-5294 size-full\" srcset=\"https:\/\/arthes.ch\/wp-content\/uploads\/2021\/10\/UrmiNatur_Logo_Praxis_FrauKind_VB-pfad-01-972x1024.jpg 972w, https:\/\/arthes.ch\/wp-content\/uploads\/2021\/10\/UrmiNatur_Logo_Praxis_FrauKind_VB-pfad-01-285x300.jpg 285w, https:\/\/arthes.ch\/wp-content\/uploads\/2021\/10\/UrmiNatur_Logo_Praxis_FrauKind_VB-pfad-01-768x809.jpg 768w, https:\/\/arthes.ch\/wp-content\/uploads\/2021\/10\/UrmiNatur_Logo_Praxis_FrauKind_VB-pfad-01.jpg 1039w\" sizes=\"auto, (max-width: 767px) 89vw, (max-width: 1000px) 54vw, (max-width: 1071px) 543px, 580px\" \/><\/figure><div class=\"wp-block-media-text__content\">\n<p class=\"has-normal-font-size\"><strong>Pratique URMI-Natur pour femmes et enfants<br\/><a href=\"https:\/\/arthes.ch\/wp-admin\/post.php?post=4249&amp;action=edit\" target=\"_blank\" rel=\"noreferrer noopener\">Mich\u00e8le<\/a> <a href=\"https:\/\/arthes.ch\/fr\/cabinet-urmi-natur-pour-femmes-et-enfants-michele-meier\/\" target=\"_blank\" rel=\"noreferrer noopener\">Meier<\/a><\/strong><br\/>ZH &#8211; 8910 Affoltern am Albis<\/p>\n<\/div><\/div>\n","protected":false},"excerpt":{"rendered":"<p>Les experts en ar\u00f4mes, th\u00e9rapeutes et soignants r\u00e9pertori\u00e9s ici ont suivi au moins 100 heures de formation avec un examen final. BE &#8211; Berne Corps et esprit en \u00e9quilibreManuela LiechtiBE &#8211; 3600 Thoune Sereina BinggeliBE &#8211; 3072 OsstermundigenDes \u00e9tuis \u00e0 parfum mobiles pour les humains et les animauxZoopharmacognosie appliqu\u00e9e (aromath\u00e9rapie animale) LU &#8211; Lucerne Oeuvres &hellip; <\/p>\n<p class=\"link-more\"><a href=\"https:\/\/arthes.ch\/fr\/praticiens\/\" class=\"more-link\">Continuer la lecture<span class=\"screen-reader-text\"> de &laquo;&nbsp;Praticiens&nbsp;&raquo;<\/span><\/a><\/p>\n","protected":false},"author":98,"featured_media":0,"parent":0,"menu_order":0,"comment_status":"closed","ping_status":"closed","template":"","meta":{"footnotes":""},"class_list":["post-5368","page","type-page","status-publish","hentry"],"aioseo_notices":[],"jetpack_sharing_enabled":true,"_links":{"self":[{"href":"https:\/\/arthes.ch\/fr\/wp-json\/wp\/v2\/pages\/5368","targetHints":{"allow":["GET"]}}],"collection":[{"href":"https:\/\/arthes.ch\/fr\/wp-json\/wp\/v2\/pages"}],"about":[{"href":"https:\/\/arthes.ch\/fr\/wp-json\/wp\/v2\/types\/page"}],"author":[{"embeddable":true,"href":"https:\/\/arthes.ch\/fr\/wp-json\/wp\/v2\/users\/98"}],"replies":[{"embeddable":true,"href":"https:\/\/arthes.ch\/fr\/wp-json\/wp\/v2\/comments?post=5368"}],"version-history":[{"count":4,"href":"https:\/\/arthes.ch\/fr\/wp-json\/wp\/v2\/pages\/5368\/revisions"}],"predecessor-version":[{"id":5406,"href":"https:\/\/arthes.ch\/fr\/wp-json\/wp\/v2\/pages\/5368\/revisions\/5406"}],"wp:attachment":[{"href":"https:\/\/arthes.ch\/fr\/wp-json\/wp\/v2\/media?parent=5368"}],"curies":[{"name":"wp","href":"https:\/\/api.w.org\/{rel}","templated":true}]}}