{"id":5451,"date":"2021-11-23T00:22:29","date_gmt":"2021-11-22T23:22:29","guid":{"rendered":"https:\/\/arthes.ch\/aromatogramme\/"},"modified":"2021-11-23T00:22:30","modified_gmt":"2021-11-22T23:22:30","slug":"aromatogramme","status":"publish","type":"page","link":"https:\/\/arthes.ch\/fr\/aromatogramme\/","title":{"rendered":"Aromatogramme"},"content":{"rendered":"\n<figure class=\"wp-block-image size-large\"><img loading=\"lazy\" decoding=\"async\" width=\"1024\" height=\"683\" src=\"https:\/\/arthes.ch\/wp-content\/uploads\/2021\/09\/analysis-2030266_1920-1024x683.jpg\" alt=\"\" class=\"wp-image-5274\" srcset=\"https:\/\/arthes.ch\/wp-content\/uploads\/2021\/09\/analysis-2030266_1920-1024x683.jpg 1024w, https:\/\/arthes.ch\/wp-content\/uploads\/2021\/09\/analysis-2030266_1920-300x200.jpg 300w, https:\/\/arthes.ch\/wp-content\/uploads\/2021\/09\/analysis-2030266_1920-768x512.jpg 768w, https:\/\/arthes.ch\/wp-content\/uploads\/2021\/09\/analysis-2030266_1920-1536x1024.jpg 1536w, https:\/\/arthes.ch\/wp-content\/uploads\/2021\/09\/analysis-2030266_1920.jpg 1920w\" sizes=\"auto, (max-width: 767px) 89vw, (max-width: 1000px) 54vw, (max-width: 1071px) 543px, 580px\" \/><\/figure>\n<h1 class=\"has-medium-font-size wp-block-heading\"><strong>Qu&#8217;est-ce qu&#8217;un aromatogramme et quand peut-il \u00eatre utilis\u00e9 ? Existe-t-il un laboratoire en Suisse qui fait cela ?<\/strong><\/h1>\n\n<p class=\"has-normal-font-size\">Il existe des laboratoires en Suisse qui proposent des aromatogrammes depuis des ann\u00e9es. Voici trois laboratoires suisses possibles :<\/p>\n\n<div class=\"wp-block-media-text alignwide is-stacked-on-mobile\" style=\"grid-template-columns:40% auto\"><figure class=\"wp-block-media-text__media\"><img loading=\"lazy\" decoding=\"async\" width=\"1024\" height=\"335\" src=\"https:\/\/arthes.ch\/wp-content\/uploads\/2021\/07\/Logo-MGD-2020-pantone-072-1024x335.jpg\" alt=\"\" class=\"wp-image-5146 size-full\" srcset=\"https:\/\/arthes.ch\/wp-content\/uploads\/2021\/07\/Logo-MGD-2020-pantone-072-1024x335.jpg 1024w, https:\/\/arthes.ch\/wp-content\/uploads\/2021\/07\/Logo-MGD-2020-pantone-072-300x98.jpg 300w, https:\/\/arthes.ch\/wp-content\/uploads\/2021\/07\/Logo-MGD-2020-pantone-072-768x251.jpg 768w, https:\/\/arthes.ch\/wp-content\/uploads\/2021\/07\/Logo-MGD-2020-pantone-072-1536x502.jpg 1536w, https:\/\/arthes.ch\/wp-content\/uploads\/2021\/07\/Logo-MGD-2020-pantone-072-2048x670.jpg 2048w\" sizes=\"auto, (max-width: 767px) 89vw, (max-width: 1000px) 54vw, (max-width: 1071px) 543px, 580px\" \/><\/figure><div class=\"wp-block-media-text__content\">\n<p class=\"has-normal-font-size\"><strong>Laboratoire MGD<\/strong><br\/>Gen\u00e8ve<br\/>www.labomgd.ch<\/p>\n<\/div><\/div>\n\n<div class=\"wp-block-media-text alignwide is-stacked-on-mobile\" style=\"grid-template-columns:40% auto\"><figure class=\"wp-block-media-text__media\"><img loading=\"lazy\" decoding=\"async\" width=\"690\" height=\"190\" src=\"https:\/\/arthes.ch\/wp-content\/uploads\/2021\/07\/Bildschirmfoto-2021-07-08-um-22.24.36.png\" alt=\"\" class=\"wp-image-5148 size-full\" srcset=\"https:\/\/arthes.ch\/wp-content\/uploads\/2021\/07\/Bildschirmfoto-2021-07-08-um-22.24.36.png 690w, https:\/\/arthes.ch\/wp-content\/uploads\/2021\/07\/Bildschirmfoto-2021-07-08-um-22.24.36-300x83.png 300w\" sizes=\"auto, (max-width: 690px) 100vw, 690px\" \/><\/figure><div class=\"wp-block-media-text__content\">\n<p class=\"has-normal-font-size\"><strong>ICC &#8211; Institut de Chimie Clinique<\/strong><br\/>Lausanne<br\/>www.laboicc.ch<\/p>\n<\/div><\/div>\n\n<div class=\"wp-block-media-text alignwide is-stacked-on-mobile\" style=\"grid-template-columns:40% auto\"><figure class=\"wp-block-media-text__media\"><img loading=\"lazy\" decoding=\"async\" width=\"626\" height=\"126\" src=\"https:\/\/arthes.ch\/wp-content\/uploads\/2021\/09\/Bildschirmfoto-2021-09-06-um-12.24.21.png\" alt=\"\" class=\"wp-image-5214 size-full\" srcset=\"https:\/\/arthes.ch\/wp-content\/uploads\/2021\/09\/Bildschirmfoto-2021-09-06-um-12.24.21.png 626w, https:\/\/arthes.ch\/wp-content\/uploads\/2021\/09\/Bildschirmfoto-2021-09-06-um-12.24.21-300x60.png 300w\" sizes=\"auto, (max-width: 626px) 100vw, 626px\" \/><\/figure><div class=\"wp-block-media-text__content\">\n<p><strong>Bactolab<\/strong><br\/>Lausanne<br\/>www.bactolab.ch<\/p>\n<\/div><\/div>\n\n<p>Si vous connaissez ou dirigez un laboratoire qui propose des aromatogrammes, merci de nous contacter. Aussi, si vous \u00eates un aromath\u00e9rapeute qualifi\u00e9 qui a de l&#8217;exp\u00e9rience dans l&#8217;\u00e9valuation des aromatogrammes. <\/p>\n\n<hr class=\"wp-block-separator\" \/>\n\n<figure class=\"wp-block-image size-large is-resized\"><img loading=\"lazy\" decoding=\"async\" src=\"https:\/\/arthes.ch\/wp-content\/uploads\/2021\/09\/home-office-336377_1920-1024x683.jpg\" alt=\"\" class=\"wp-image-5276\" width=\"790\" height=\"526\" srcset=\"https:\/\/arthes.ch\/wp-content\/uploads\/2021\/09\/home-office-336377_1920-1024x683.jpg 1024w, https:\/\/arthes.ch\/wp-content\/uploads\/2021\/09\/home-office-336377_1920-300x200.jpg 300w, https:\/\/arthes.ch\/wp-content\/uploads\/2021\/09\/home-office-336377_1920-768x512.jpg 768w, https:\/\/arthes.ch\/wp-content\/uploads\/2021\/09\/home-office-336377_1920-1536x1024.jpg 1536w, https:\/\/arthes.ch\/wp-content\/uploads\/2021\/09\/home-office-336377_1920.jpg 1920w\" sizes=\"auto, (max-width: 767px) 89vw, (max-width: 1000px) 54vw, (max-width: 1071px) 543px, 580px\" \/><\/figure>\n<h1 class=\"has-medium-font-size wp-block-heading\"><strong>Articles de blog int\u00e9ressants sur les aromatogrammes<\/strong><\/h1>\n\n<p class=\"has-normal-font-size\">Si vous souhaitez vous informer \u00e0 l&#8217;avance : <\/p>\n\n<p class=\"has-normal-font-size\"><a href=\"https:\/\/www.vivere-aromapflege.de\/2020\/08\/15\/das-aromatogramm-effektiv-und-immer-noch-wenig-beachtet\/\" target=\"_blank\" rel=\"noreferrer noopener\">Aromatogramme du blog Vivere<\/a><\/p>\n\n<p class=\"has-normal-font-size\"><a href=\"https:\/\/aromapraxis.de\/2010\/01\/04\/aromatogramm-reproduzierbarer-nachweis\/\" target=\"_blank\" rel=\"noreferrer noopener\">Aromapraxis Blog Post Aromatogramme<\/a><\/p>\n\n<div class=\"wp-block-image\"><figure class=\"aligncenter size-medium\"><a href=\"https:\/\/arthes.ch\/aetherische-oele-schweiz-welche-gesetze-wann\/\"><img loading=\"lazy\" decoding=\"async\" width=\"300\" height=\"300\" src=\"https:\/\/arthes.ch\/wp-content\/uploads\/2021\/09\/Weiss-einfach-Foto-Papa-Anerkennung-Instagram-Post-3-300x300.png\" alt=\"\" class=\"wp-image-5272\" srcset=\"https:\/\/arthes.ch\/wp-content\/uploads\/2021\/09\/Weiss-einfach-Foto-Papa-Anerkennung-Instagram-Post-3-300x300.png 300w, https:\/\/arthes.ch\/wp-content\/uploads\/2021\/09\/Weiss-einfach-Foto-Papa-Anerkennung-Instagram-Post-3-1024x1024.png 1024w, https:\/\/arthes.ch\/wp-content\/uploads\/2021\/09\/Weiss-einfach-Foto-Papa-Anerkennung-Instagram-Post-3-150x150.png 150w, https:\/\/arthes.ch\/wp-content\/uploads\/2021\/09\/Weiss-einfach-Foto-Papa-Anerkennung-Instagram-Post-3-768x768.png 768w, https:\/\/arthes.ch\/wp-content\/uploads\/2021\/09\/Weiss-einfach-Foto-Papa-Anerkennung-Instagram-Post-3-100x100.png 100w, https:\/\/arthes.ch\/wp-content\/uploads\/2021\/09\/Weiss-einfach-Foto-Papa-Anerkennung-Instagram-Post-3.png 1080w\" sizes=\"auto, (max-width: 300px) 100vw, 300px\" \/><\/a><\/figure><\/div>\n","protected":false},"excerpt":{"rendered":"<p>Qu&#8217;est-ce qu&#8217;un aromatogramme et quand peut-il \u00eatre utilis\u00e9 ? Existe-t-il un laboratoire en Suisse qui fait cela ? Il existe des laboratoires en Suisse qui proposent des aromatogrammes depuis des ann\u00e9es. Voici trois laboratoires suisses possibles : Laboratoire MGDGen\u00e8vewww.labomgd.ch ICC &#8211; Institut de Chimie CliniqueLausannewww.laboicc.ch BactolabLausannewww.bactolab.ch Si vous connaissez ou dirigez un laboratoire qui propose &hellip; <\/p>\n<p class=\"link-more\"><a href=\"https:\/\/arthes.ch\/fr\/aromatogramme\/\" class=\"more-link\">Continuer la lecture<span class=\"screen-reader-text\"> de &laquo;&nbsp;Aromatogramme&nbsp;&raquo;<\/span><\/a><\/p>\n","protected":false},"author":5,"featured_media":0,"parent":0,"menu_order":0,"comment_status":"closed","ping_status":"closed","template":"","meta":{"footnotes":""},"class_list":["post-5451","page","type-page","status-publish","hentry"],"aioseo_notices":[],"jetpack_sharing_enabled":true,"_links":{"self":[{"href":"https:\/\/arthes.ch\/fr\/wp-json\/wp\/v2\/pages\/5451","targetHints":{"allow":["GET"]}}],"collection":[{"href":"https:\/\/arthes.ch\/fr\/wp-json\/wp\/v2\/pages"}],"about":[{"href":"https:\/\/arthes.ch\/fr\/wp-json\/wp\/v2\/types\/page"}],"author":[{"embeddable":true,"href":"https:\/\/arthes.ch\/fr\/wp-json\/wp\/v2\/users\/5"}],"replies":[{"embeddable":true,"href":"https:\/\/arthes.ch\/fr\/wp-json\/wp\/v2\/comments?post=5451"}],"version-history":[{"count":1,"href":"https:\/\/arthes.ch\/fr\/wp-json\/wp\/v2\/pages\/5451\/revisions"}],"predecessor-version":[{"id":5453,"href":"https:\/\/arthes.ch\/fr\/wp-json\/wp\/v2\/pages\/5451\/revisions\/5453"}],"wp:attachment":[{"href":"https:\/\/arthes.ch\/fr\/wp-json\/wp\/v2\/media?parent=5451"}],"curies":[{"name":"wp","href":"https:\/\/api.w.org\/{rel}","templated":true}]}}