{"id":5503,"date":"2021-11-23T00:27:21","date_gmt":"2021-11-22T23:27:21","guid":{"rendered":"https:\/\/arthes.ch\/comment-reconnaitre-la-qualite\/"},"modified":"2021-11-23T00:27:21","modified_gmt":"2021-11-22T23:27:21","slug":"comment-reconnaitre-la-qualite","status":"publish","type":"page","link":"https:\/\/arthes.ch\/fr\/comment-reconnaitre-la-qualite\/","title":{"rendered":"Comment reconna\u00eetre la qualit\u00e9 ?"},"content":{"rendered":"\n<h2 class=\"has-medium-font-size wp-block-heading\">Un test qualit\u00e9 simple que vous pouvez effectuer sur place : Regardez le label de l&#8217;entreprise. Une soci\u00e9t\u00e9 d&#8217;huiles essentielles r\u00e9put\u00e9e a les informations suivantes sur la bouteille :<\/h2>\n\n<ul class=\"wp-block-list\"><li>\u00ab Huile essentielle 100% pure \u00bb ou \u00ab Huile essentielle 100% naturelle \u00bb *<\/li><li>Le nom allemand et latin\/botanique de la plante utilis\u00e9e et, si n\u00e9cessaire, le ch\u00e9motype (\u00abct.\u00bb)<\/li><li>La partie de la plante utilis\u00e9e (par exemple les racines, les feuilles, les fleurs, etc.)<\/li><li>Le pays d&#8217;origine de l&#8217;huile essentielle et des informations sur la culture **<\/li><li>La m\u00e9thode de r\u00e9cup\u00e9ration (par exemple distill\u00e9e \u00e0 la vapeur), dans le cas des extractions, le solvant doit \u00eatre mentionn\u00e9 et s&#8217;il est contr\u00f4l\u00e9 en cas de r\u00e9sidus<\/li><li>Si n\u00e9cessaire, d\u00e9tails du diluant et du rapport de m\u00e9lange en %<\/li><li>La quantit\u00e9 de remplissage exacte<\/li><li>Num\u00e9ro de lot, date de remplissage et\/ou de p\u00e9remption<\/li><li>Recommandations de s\u00e9curit\u00e9 (par exemple, assurer la s\u00e9curit\u00e9 des enfants)<\/li><li>\u00c9tiquettes chimiques et instructions de stockage en fonction de l&#8217;enregistrement ou de la loi subordonn\u00e9e (principalement la loi sur les produits chimiques &#8211; voir les lois du lien)<\/li><li>Nom du revendeur, num\u00e9ro BAG T<\/li><\/ul>\n<p class=\"has-normal-font-size\">* Remarque : ni (= nature-identique = synth\u00e9tique), &#8220;naturel&#8221; n&#8217;est pas &#8220;naturellement pur&#8221; <\/p>\n\n<p class=\"has-normal-font-size\">** M\u00e9thodes de culture : kbA (culture biologique contr\u00f4l\u00e9e), demeter (qualit\u00e9 biologique certifi\u00e9e demeter), Ws (collecte sauvage), conv. (conventionnel), retour. (contr\u00f4l\u00e9 par les r\u00e9sidus)<\/p>\n\n<figure class=\"wp-block-image size-large is-resized\"><img loading=\"lazy\" decoding=\"async\" src=\"https:\/\/arthes.ch\/wp-content\/uploads\/2020\/08\/natural-cosmetics-4004909_1920-Kopie.jpeg\" alt=\"Il existe de nombreuses entreprises tr&#xE8;s engag&#xE9;es, petites et grandes, qui offrent de tr&#xE8;s bonnes qualit&#xE9;s d'huiles essentielles enti&#xE8;rement naturelles. Jetez un &#x153;il &#xE0; l'entreprise, aux valeurs qu'elle d&#xE9;fend et, finalement, &#xE0; la fa&#xE7;on dont vous aimez le parfum. Ne vous laissez pas berner par un bon marketing, recherchez simplement la bonne qualit&#xE9;.\" class=\"wp-image-4730\" width=\"673\" height=\"434\" srcset=\"https:\/\/arthes.ch\/wp-content\/uploads\/2020\/08\/natural-cosmetics-4004909_1920-Kopie.jpeg 600w, https:\/\/arthes.ch\/wp-content\/uploads\/2020\/08\/natural-cosmetics-4004909_1920-Kopie-300x194.jpeg 300w\" sizes=\"auto, (max-width: 673px) 100vw, 673px\" \/><figcaption>Il existe de nombreuses entreprises tr\u00e8s engag\u00e9es, petites et grandes, qui offrent de tr\u00e8s bonnes qualit\u00e9s d&#8217;huiles essentielles enti\u00e8rement naturelles. Jetez un \u0153il \u00e0 l&#8217;entreprise, aux valeurs qu&#8217;elle d\u00e9fend et, finalement, \u00e0 la fa\u00e7on dont vous aimez le parfum. Ne vous laissez pas berner par un bon marketing, recherchez simplement la bonne qualit\u00e9.<\/figcaption><\/figure>\n<figure class=\"wp-block-image size-large\"><a href=\"https:\/\/arthes.ch\/arthes-mitglieder\/\"><img loading=\"lazy\" decoding=\"async\" width=\"877\" height=\"271\" src=\"https:\/\/arthes.ch\/wp-content\/uploads\/2020\/11\/AromaTHerapeutVersuch.jpg\" alt=\"\" class=\"wp-image-5048\" srcset=\"https:\/\/arthes.ch\/wp-content\/uploads\/2020\/11\/AromaTHerapeutVersuch.jpg 877w, https:\/\/arthes.ch\/wp-content\/uploads\/2020\/11\/AromaTHerapeutVersuch-300x93.jpg 300w, https:\/\/arthes.ch\/wp-content\/uploads\/2020\/11\/AromaTHerapeutVersuch-768x237.jpg 768w\" sizes=\"auto, (max-width: 767px) 89vw, (max-width: 1000px) 54vw, (max-width: 1071px) 543px, 580px\" \/><\/a><\/figure>","protected":false},"excerpt":{"rendered":"<p>Un test qualit\u00e9 simple que vous pouvez effectuer sur place : Regardez le label de l&#8217;entreprise. Une soci\u00e9t\u00e9 d&#8217;huiles essentielles r\u00e9put\u00e9e a les informations suivantes sur la bouteille : \u00ab Huile essentielle 100% pure \u00bb ou \u00ab Huile essentielle 100% naturelle \u00bb * Le nom allemand et latin\/botanique de la plante utilis\u00e9e et, si n\u00e9cessaire, &hellip; <\/p>\n<p class=\"link-more\"><a href=\"https:\/\/arthes.ch\/fr\/comment-reconnaitre-la-qualite\/\" class=\"more-link\">Continuer la lecture<span class=\"screen-reader-text\"> de &laquo;&nbsp;Comment reconna\u00eetre la qualit\u00e9 ?&nbsp;&raquo;<\/span><\/a><\/p>\n","protected":false},"author":5,"featured_media":0,"parent":0,"menu_order":0,"comment_status":"closed","ping_status":"closed","template":"","meta":{"footnotes":""},"class_list":["post-5503","page","type-page","status-publish","hentry"],"aioseo_notices":[],"jetpack_sharing_enabled":true,"_links":{"self":[{"href":"https:\/\/arthes.ch\/fr\/wp-json\/wp\/v2\/pages\/5503","targetHints":{"allow":["GET"]}}],"collection":[{"href":"https:\/\/arthes.ch\/fr\/wp-json\/wp\/v2\/pages"}],"about":[{"href":"https:\/\/arthes.ch\/fr\/wp-json\/wp\/v2\/types\/page"}],"author":[{"embeddable":true,"href":"https:\/\/arthes.ch\/fr\/wp-json\/wp\/v2\/users\/5"}],"replies":[{"embeddable":true,"href":"https:\/\/arthes.ch\/fr\/wp-json\/wp\/v2\/comments?post=5503"}],"version-history":[{"count":1,"href":"https:\/\/arthes.ch\/fr\/wp-json\/wp\/v2\/pages\/5503\/revisions"}],"predecessor-version":[{"id":5504,"href":"https:\/\/arthes.ch\/fr\/wp-json\/wp\/v2\/pages\/5503\/revisions\/5504"}],"wp:attachment":[{"href":"https:\/\/arthes.ch\/fr\/wp-json\/wp\/v2\/media?parent=5503"}],"curies":[{"name":"wp","href":"https:\/\/api.w.org\/{rel}","templated":true}]}}